{"id":330,"date":"2026-03-24T13:34:20","date_gmt":"2026-03-24T20:34:20","guid":{"rendered":"https:\/\/coastalstoriesguadalupe.org\/?page_id=330"},"modified":"2026-03-24T16:06:48","modified_gmt":"2026-03-24T23:06:48","slug":"the-documentary-part-1-the-formation-of-the-dunes","status":"publish","type":"page","link":"https:\/\/coastalstoriesguadalupe.org\/es\/the-documentary-part-1-the-formation-of-the-dunes\/","title":{"rendered":"The Documentary &#8211; Part 1: The Formation of the Dunes"},"content":{"rendered":"<div data-elementor-type=\"wp-page\" data-elementor-id=\"330\" class=\"elementor elementor-330\">\n\t\t\t\t<div class=\"elementor-element elementor-element-6e668e86 e-flex e-con-boxed e-con e-parent\" data-id=\"6e668e86\" data-element_type=\"container\" data-e-type=\"container\">\n\t\t\t\t\t<div class=\"e-con-inner\">\n\t\t\t\t<div class=\"elementor-element elementor-element-f1fd226 elementor-widget elementor-widget-heading\" data-id=\"f1fd226\" data-element_type=\"widget\" data-e-type=\"widget\" data-widget_type=\"heading.default\">\n\t\t\t\t\t<h2 class=\"elementor-heading-title elementor-size-default\">Historias de la costa: Documental sobre las dunas de Guadalupe<\/h2>\t\t\t\t<\/div>\n\t\t\t\t<div class=\"elementor-element elementor-element-41a213d elementor-widget elementor-widget-heading\" data-id=\"41a213d\" data-element_type=\"widget\" data-e-type=\"widget\" data-widget_type=\"heading.default\">\n\t\t\t\t\t<h2 class=\"elementor-heading-title elementor-size-default\">Part 1: The Formation of the Dunes<\/h2>\t\t\t\t<\/div>\n\t\t\t\t<div class=\"elementor-element elementor-element-39aa709 elementor-widget elementor-widget-video\" data-id=\"39aa709\" data-element_type=\"widget\" data-e-type=\"widget\" data-settings=\"{&quot;video_type&quot;:&quot;hosted&quot;,&quot;controls&quot;:&quot;yes&quot;}\" data-widget_type=\"video.default\">\n\t\t\t\t\t\t\t<div class=\"e-hosted-video elementor-wrapper elementor-open-inline\">\n\t\t\t\t\t<video class=\"elementor-video\" src=\"https:\/\/coastalstoriesguadalupe.org\/wp-content\/uploads\/2026\/01\/Dunes_V8-CH1DEL1.mp4\" controls=\"\" preload=\"metadata\" controlslist=\"nodownload\"><\/video>\n\t\t\t\t<\/div>\n\t\t\t\t\t\t<\/div>\n\t\t\t\t\t<\/div>\n\t\t\t\t<\/div>\n\t\t<div class=\"elementor-element elementor-element-c969169 e-flex e-con-boxed e-con e-parent\" data-id=\"c969169\" data-element_type=\"container\" data-e-type=\"container\">\n\t\t\t\t\t<div class=\"e-con-inner\">\n\t\t<div class=\"elementor-element elementor-element-1b5b8ab e-con-full e-flex e-con e-child\" data-id=\"1b5b8ab\" data-element_type=\"container\" data-e-type=\"container\">\n\t\t\t\t<div class=\"elementor-element elementor-element-4ac1c38 elementor-align-center elementor-widget elementor-widget-button\" data-id=\"4ac1c38\" data-element_type=\"widget\" data-e-type=\"widget\" data-widget_type=\"button.default\">\n\t\t\t\t\t\t\t\t\t\t<a class=\"elementor-button elementor-button-link elementor-size-sm\" href=\"https:\/\/coastalstoriesguadalupe.org\/wp-content\/uploads\/2026\/03\/CSG_DunesESP-ch1.mp4\" target=\"_blank\">\n\t\t\t\t\t\t<span class=\"elementor-button-content-wrapper\">\n\t\t\t\t\t\t\t\t\t<span class=\"elementor-button-text\">Spanish Version<\/span>\n\t\t\t\t\t<\/span>\n\t\t\t\t\t<\/a>\n\t\t\t\t\t\t\t\t<\/div>\n\t\t\t\t<\/div>\n\t\t<div class=\"elementor-element elementor-element-3f3e63d e-con-full e-flex e-con e-child\" data-id=\"3f3e63d\" data-element_type=\"container\" data-e-type=\"container\">\n\t\t\t\t<div class=\"elementor-element elementor-element-1db7883 elementor-align-center elementor-widget elementor-widget-button\" data-id=\"1db7883\" data-element_type=\"widget\" data-e-type=\"widget\" data-widget_type=\"button.default\">\n\t\t\t\t\t\t\t\t\t\t<a class=\"elementor-button elementor-button-link elementor-size-sm\" href=\"https:\/\/coastalstoriesguadalupe.org\/wp-content\/uploads\/2026\/03\/CSG_DunesMXT-ch1.mp4\" target=\"_blank\">\n\t\t\t\t\t\t<span class=\"elementor-button-content-wrapper\">\n\t\t\t\t\t\t\t\t\t<span class=\"elementor-button-text\">Mixteco Version<\/span>\n\t\t\t\t\t<\/span>\n\t\t\t\t\t<\/a>\n\t\t\t\t\t\t\t\t<\/div>\n\t\t\t\t<\/div>\n\t\t\t\t\t<\/div>\n\t\t\t\t<\/div>\n\t\t<div class=\"elementor-element elementor-element-4a10f32 e-flex e-con-boxed e-con e-parent\" data-id=\"4a10f32\" data-element_type=\"container\" data-e-type=\"container\">\n\t\t\t\t\t<div class=\"e-con-inner\">\n\t\t\t\t<div class=\"elementor-element elementor-element-914b7d6 elementor-widget elementor-widget-heading\" data-id=\"914b7d6\" data-element_type=\"widget\" data-e-type=\"widget\" data-widget_type=\"heading.default\">\n\t\t\t\t\t<h2 class=\"elementor-heading-title elementor-size-default\">More about this chapter<\/h2>\t\t\t\t<\/div>\n\t\t\t\t\t<\/div>\n\t\t\t\t<\/div>\n\t\t<div class=\"elementor-element elementor-element-4d21ddd e-flex e-con-boxed e-con e-parent\" data-id=\"4d21ddd\" data-element_type=\"container\" data-e-type=\"container\">\n\t\t\t\t\t<div class=\"e-con-inner\">\n\t\t<div class=\"elementor-element elementor-element-b80d89d e-con-full e-flex e-con e-child\" data-id=\"b80d89d\" data-element_type=\"container\" data-e-type=\"container\">\n\t\t\t\t<div class=\"elementor-element elementor-element-9d2b956 elementor-widget elementor-widget-text-editor\" data-id=\"9d2b956\" data-element_type=\"widget\" data-e-type=\"widget\" data-widget_type=\"text-editor.default\">\n\t\t\t\t\t\t\t\t\t<p><span style=\"color: #000000;\">Born where mountains meet the sea, the Guadalupe-Nipomo Dunes began forming more than eighteen thousand years ago. Sediment carried by the Santa Maria River spills into the Pacific Ocean, where waves return it to shore. Driven inland by relentless coastal winds, grains of sand gather and rise\u2014year by year\u2014into massive, shifting dunes. Today, they tower nearly five hundred feet high, the tallest on the West Coast, still shaped by wind, water, and time.<\/span><\/p><p><span style=\"color: #000000;\">In this kingdom of sand, life has learned to endure.<\/span><\/p><p><span style=\"color: #000000;\">The Guadalupe-Nipomo Dunes shelter more than one hundred and twenty rare and endangered species.<\/span><\/p><p><span style=\"color: #000000;\">Hidden in the hollows, the Nipomo Mesa Lupine blooms\u2014found nowhere else on Earth \u2014 while towering Giant Coreopsis defies wind and salt.<\/span><\/p><p><span style=\"color: #000000;\">Along the shore, snowy plovers nest in open sand, elephant seals claim winter refuge, and inland, predators and amphibians survive side by side.<\/span><\/p><p><span style=\"color: #000000;\">This is a landscape of extremes\u2014fragile, resilient, and alive.<\/span><\/p><p><span style=\"color: #000000;\">For thousands of years, humans have lived alongside these dunes.<\/span><\/p><p><span style=\"color: #000000;\">From the Chumash, who understood the dunes as both provider and protector, to the communities who followed, people learned to move with the land\u2014not against it.<\/span><\/p><p><span style=\"color: #000000;\">Today, stewardship and science work to protect this fragile balance, reminding us that the future<\/span><br \/><span style=\"color: #000000;\">of the dunes depends on how carefully we share them.<\/span><\/p>\t\t\t\t\t\t\t\t<\/div>\n\t\t\t\t<\/div>\n\t\t<div class=\"elementor-element elementor-element-71de201 e-con-full e-flex e-con e-child\" data-id=\"71de201\" data-element_type=\"container\" data-e-type=\"container\">\n\t\t\t\t<div class=\"elementor-element elementor-element-63a638b elementor-widget elementor-widget-text-editor\" data-id=\"63a638b\" data-element_type=\"widget\" data-e-type=\"widget\" data-widget_type=\"text-editor.default\">\n\t\t\t\t\t\t\t\t\t<p><span style=\"color: #000000;\">Nacidas all\u00ed donde las monta\u00f1as se encuentran con el mar, las Dunas de Guadalupe-Nipomo comenzaron a formarse hace m\u00e1s de dieciocho mil a\u00f1os. Los sedimentos arrastrados por el r\u00edo Santa Mar\u00eda desembocan en el oc\u00e9ano Pac\u00edfico, donde las olas los devuelven a la orilla. Impulsados \u200b\u200bhacia el interior por los incesantes vientos costeros, los granos de arena se acumulan y se alzan \u2014a\u00f1o tras a\u00f1o\u2014 hasta convertirse en dunas masivas y cambiantes. Hoy en d\u00eda, se elevan casi quinientos pies de altura \u2014siendo las m\u00e1s altas de la Costa Oeste\u2014, modeladas a\u00fan por el viento, el agua y el tiempo.<\/span><\/p><p><span style=\"color: #000000;\">En este reino de arena, la vida ha aprendido a perdurar.<\/span><\/p><p><span style=\"color: #000000;\">Las Dunas de Guadalupe-Nipomo brindan refugio a m\u00e1s de ciento veinte especies raras y en peligro de extinci\u00f3n.<\/span><\/p><p><span style=\"color: #000000;\">Oculto en las hondonadas, florece el lupino de la Mesa de Nipomo \u2014una especie que no se encuentra en ning\u00fan otro lugar de la Tierra\u2014, mientras que la imponente coreopsis gigante desaf\u00eda al viento y a la sal.<\/span><\/p><p><span style=\"color: #000000;\">A lo largo de la orilla, los chorlitos nivales anidan en la arena abierta, los elefantes marinos encuentran refugio invernal y, tierra adentro, depredadores y anfibios sobreviven codo con codo.<\/span><\/p><p><span style=\"color: #000000;\">Este es un paisaje de extremos: fr\u00e1gil, resiliente y vivo.<\/span><\/p><p><span style=\"color: #000000;\">Durante miles de a\u00f1os, los seres humanos han convivido junto a estas dunas.<\/span><\/p><p><span style=\"color: #000000;\">Desde los chumash \u2014quienes conceb\u00edan las dunas tanto como proveedoras como protectoras\u2014 hasta las comunidades que les sucedieron, las personas aprendieron a moverse al comp\u00e1s de la tierra, y no en su contra.<\/span><\/p><p><span style=\"color: #000000;\">Hoy, la labor de conservaci\u00f3n y la ciencia trabajan conjuntamente para proteger este fr\u00e1gil equilibrio, record\u00e1ndonos que el futuro<\/span><\/p><p><span style=\"color: #000000;\">de las dunas depende de la atenci\u00f3n con la que las compartamos.<\/span><\/p>\t\t\t\t\t\t\t\t<\/div>\n\t\t\t\t<\/div>\n\t\t\t\t\t<\/div>\n\t\t\t\t<\/div>\n\t\t<div class=\"elementor-element elementor-element-50d7805 e-flex e-con-boxed e-con e-parent\" data-id=\"50d7805\" data-element_type=\"container\" data-e-type=\"container\">\n\t\t\t\t\t<div class=\"e-con-inner\">\n\t\t<div class=\"elementor-element elementor-element-c30f921 e-con-full e-flex e-con e-child\" data-id=\"c30f921\" data-element_type=\"container\" data-e-type=\"container\">\n\t\t\t\t<\/div>\n\t\t<div class=\"elementor-element elementor-element-d7b26e5 e-con-full e-flex e-con e-child\" data-id=\"d7b26e5\" data-element_type=\"container\" data-e-type=\"container\">\n\t\t\t\t<div class=\"elementor-element elementor-element-16d1c61 elementor-align-center elementor-widget elementor-widget-button\" data-id=\"16d1c61\" data-element_type=\"widget\" data-e-type=\"widget\" data-widget_type=\"button.default\">\n\t\t\t\t\t\t\t\t\t\t<a class=\"elementor-button elementor-button-link elementor-size-sm\" href=\"https:\/\/coastalstoriesguadalupe.org\/es\/the-documentary-part-2-the-chumash\/\">\n\t\t\t\t\t\t<span class=\"elementor-button-content-wrapper\">\n\t\t\t\t\t\t\t\t\t<span class=\"elementor-button-text\">Next \/ Pr\u00f3xima<\/span>\n\t\t\t\t\t<\/span>\n\t\t\t\t\t<\/a>\n\t\t\t\t\t\t\t\t<\/div>\n\t\t\t\t<\/div>\n\t\t\t\t\t<\/div>\n\t\t\t\t<\/div>\n\t\t\t\t<\/div>","protected":false},"excerpt":{"rendered":"<p>The Coastal Stories &#8211; Guadalupe Dunes Documentary Part 1: The Formation of the Dunes https:\/\/coastalstoriesguadalupe.org\/wp-content\/uploads\/2026\/01\/Dunes_V8-CH1DEL1.mp4 Spanish Version Mixteco Version More about this chapter Born where mountains meet the sea, the Guadalupe-Nipomo Dunes began forming more than eighteen thousand years ago. Sediment carried by the Santa Maria River spills into the Pacific Ocean, where waves return [&hellip;]<\/p>\n","protected":false},"author":1,"featured_media":0,"parent":0,"menu_order":0,"comment_status":"closed","ping_status":"open","template":"","meta":{"ocean_post_layout":"full-width","ocean_both_sidebars_style":"","ocean_both_sidebars_content_width":0,"ocean_both_sidebars_sidebars_width":0,"ocean_sidebar":"","ocean_second_sidebar":"","ocean_disable_margins":"enable","ocean_add_body_class":"","ocean_shortcode_before_top_bar":"","ocean_shortcode_after_top_bar":"","ocean_shortcode_before_header":"","ocean_shortcode_after_header":"","ocean_has_shortcode":"","ocean_shortcode_after_title":"","ocean_shortcode_before_footer_widgets":"","ocean_shortcode_after_footer_widgets":"","ocean_shortcode_before_footer_bottom":"","ocean_shortcode_after_footer_bottom":"","ocean_display_top_bar":"default","ocean_display_header":"default","ocean_header_style":"","ocean_center_header_left_menu":"","ocean_custom_header_template":"","ocean_custom_logo":0,"ocean_custom_retina_logo":0,"ocean_custom_logo_max_width":0,"ocean_custom_logo_tablet_max_width":0,"ocean_custom_logo_mobile_max_width":0,"ocean_custom_logo_max_height":0,"ocean_custom_logo_tablet_max_height":0,"ocean_custom_logo_mobile_max_height":0,"ocean_header_custom_menu":"","ocean_menu_typo_font_family":"","ocean_menu_typo_font_subset":"","ocean_menu_typo_font_size":0,"ocean_menu_typo_font_size_tablet":0,"ocean_menu_typo_font_size_mobile":0,"ocean_menu_typo_font_size_unit":"px","ocean_menu_typo_font_weight":"","ocean_menu_typo_font_weight_tablet":"","ocean_menu_typo_font_weight_mobile":"","ocean_menu_typo_transform":"","ocean_menu_typo_transform_tablet":"","ocean_menu_typo_transform_mobile":"","ocean_menu_typo_line_height":0,"ocean_menu_typo_line_height_tablet":0,"ocean_menu_typo_line_height_mobile":0,"ocean_menu_typo_line_height_unit":"","ocean_menu_typo_spacing":0,"ocean_menu_typo_spacing_tablet":0,"ocean_menu_typo_spacing_mobile":0,"ocean_menu_typo_spacing_unit":"","ocean_menu_link_color":"","ocean_menu_link_color_hover":"","ocean_menu_link_color_active":"","ocean_menu_link_background":"","ocean_menu_link_hover_background":"","ocean_menu_link_active_background":"","ocean_menu_social_links_bg":"","ocean_menu_social_hover_links_bg":"","ocean_menu_social_links_color":"","ocean_menu_social_hover_links_color":"","ocean_disable_title":"on","ocean_disable_heading":"default","ocean_post_title":"","ocean_post_subheading":"","ocean_post_title_style":"","ocean_post_title_background_color":"","ocean_post_title_background":0,"ocean_post_title_bg_image_position":"","ocean_post_title_bg_image_attachment":"","ocean_post_title_bg_image_repeat":"","ocean_post_title_bg_image_size":"","ocean_post_title_height":0,"ocean_post_title_bg_overlay":0.5,"ocean_post_title_bg_overlay_color":"","ocean_disable_breadcrumbs":"default","ocean_breadcrumbs_color":"","ocean_breadcrumbs_separator_color":"","ocean_breadcrumbs_links_color":"","ocean_breadcrumbs_links_hover_color":"","ocean_display_footer_widgets":"default","ocean_display_footer_bottom":"default","ocean_custom_footer_template":"","footnotes":""},"class_list":["post-330","page","type-page","status-publish","hentry","entry"],"_links":{"self":[{"href":"https:\/\/coastalstoriesguadalupe.org\/es\/wp-json\/wp\/v2\/pages\/330","targetHints":{"allow":["GET"]}}],"collection":[{"href":"https:\/\/coastalstoriesguadalupe.org\/es\/wp-json\/wp\/v2\/pages"}],"about":[{"href":"https:\/\/coastalstoriesguadalupe.org\/es\/wp-json\/wp\/v2\/types\/page"}],"author":[{"embeddable":true,"href":"https:\/\/coastalstoriesguadalupe.org\/es\/wp-json\/wp\/v2\/users\/1"}],"replies":[{"embeddable":true,"href":"https:\/\/coastalstoriesguadalupe.org\/es\/wp-json\/wp\/v2\/comments?post=330"}],"version-history":[{"count":13,"href":"https:\/\/coastalstoriesguadalupe.org\/es\/wp-json\/wp\/v2\/pages\/330\/revisions"}],"predecessor-version":[{"id":438,"href":"https:\/\/coastalstoriesguadalupe.org\/es\/wp-json\/wp\/v2\/pages\/330\/revisions\/438"}],"wp:attachment":[{"href":"https:\/\/coastalstoriesguadalupe.org\/es\/wp-json\/wp\/v2\/media?parent=330"}],"curies":[{"name":"wp","href":"https:\/\/api.w.org\/{rel}","templated":true}]}}