{"id":340,"date":"2026-03-24T13:41:59","date_gmt":"2026-03-24T20:41:59","guid":{"rendered":"https:\/\/coastalstoriesguadalupe.org\/?page_id=340"},"modified":"2026-03-24T16:10:43","modified_gmt":"2026-03-24T23:10:43","slug":"the-documentary-part-3-asian-farming","status":"publish","type":"page","link":"https:\/\/coastalstoriesguadalupe.org\/es\/the-documentary-part-3-asian-farming\/","title":{"rendered":"The Documentary &#8211; Part 3: Asian Farming"},"content":{"rendered":"<div data-elementor-type=\"wp-page\" data-elementor-id=\"340\" class=\"elementor elementor-340\">\n\t\t\t\t<div class=\"elementor-element elementor-element-6e668e86 e-flex e-con-boxed e-con e-parent\" data-id=\"6e668e86\" data-element_type=\"container\" data-e-type=\"container\">\n\t\t\t\t\t<div class=\"e-con-inner\">\n\t\t\t\t<div class=\"elementor-element elementor-element-f1fd226 elementor-widget elementor-widget-heading\" data-id=\"f1fd226\" data-element_type=\"widget\" data-e-type=\"widget\" data-widget_type=\"heading.default\">\n\t\t\t\t\t<h2 class=\"elementor-heading-title elementor-size-default\">Historias de la costa: Documental sobre las dunas de Guadalupe<\/h2>\t\t\t\t<\/div>\n\t\t\t\t<div class=\"elementor-element elementor-element-41a213d elementor-widget elementor-widget-heading\" data-id=\"41a213d\" data-element_type=\"widget\" data-e-type=\"widget\" data-widget_type=\"heading.default\">\n\t\t\t\t\t<h2 class=\"elementor-heading-title elementor-size-default\">Part 3: Asian Farming<\/h2>\t\t\t\t<\/div>\n\t\t\t\t<div class=\"elementor-element elementor-element-39aa709 elementor-widget elementor-widget-video\" data-id=\"39aa709\" data-element_type=\"widget\" data-e-type=\"widget\" data-settings=\"{&quot;video_type&quot;:&quot;hosted&quot;,&quot;controls&quot;:&quot;yes&quot;}\" data-widget_type=\"video.default\">\n\t\t\t\t\t\t\t<div class=\"e-hosted-video elementor-wrapper elementor-open-inline\">\n\t\t\t\t\t<video class=\"elementor-video\" src=\"https:\/\/coastalstoriesguadalupe.org\/wp-content\/uploads\/2026\/01\/Dunes_V8-CH3DEL1.mp4\" controls=\"\" preload=\"metadata\" controlslist=\"nodownload\"><\/video>\n\t\t\t\t<\/div>\n\t\t\t\t\t\t<\/div>\n\t\t\t\t\t<\/div>\n\t\t\t\t<\/div>\n\t\t<div class=\"elementor-element elementor-element-3634c40 e-flex e-con-boxed e-con e-parent\" data-id=\"3634c40\" data-element_type=\"container\" data-e-type=\"container\">\n\t\t\t\t\t<div class=\"e-con-inner\">\n\t\t<div class=\"elementor-element elementor-element-802b5e1 e-con-full e-flex e-con e-child\" data-id=\"802b5e1\" data-element_type=\"container\" data-e-type=\"container\">\n\t\t\t\t<div class=\"elementor-element elementor-element-388e5a2 elementor-align-center elementor-widget elementor-widget-button\" data-id=\"388e5a2\" data-element_type=\"widget\" data-e-type=\"widget\" data-widget_type=\"button.default\">\n\t\t\t\t\t\t\t\t\t\t<a class=\"elementor-button elementor-button-link elementor-size-sm\" href=\"https:\/\/coastalstoriesguadalupe.org\/wp-content\/uploads\/2026\/03\/CSG_DunesESP-ch3.mp4\" target=\"_blank\">\n\t\t\t\t\t\t<span class=\"elementor-button-content-wrapper\">\n\t\t\t\t\t\t\t\t\t<span class=\"elementor-button-text\">Spanish Version<\/span>\n\t\t\t\t\t<\/span>\n\t\t\t\t\t<\/a>\n\t\t\t\t\t\t\t\t<\/div>\n\t\t\t\t<\/div>\n\t\t<div class=\"elementor-element elementor-element-027ceb6 e-con-full e-flex e-con e-child\" data-id=\"027ceb6\" data-element_type=\"container\" data-e-type=\"container\">\n\t\t\t\t<div class=\"elementor-element elementor-element-4df2ff0 elementor-align-center elementor-widget elementor-widget-button\" data-id=\"4df2ff0\" data-element_type=\"widget\" data-e-type=\"widget\" data-widget_type=\"button.default\">\n\t\t\t\t\t\t\t\t\t\t<a class=\"elementor-button elementor-button-link elementor-size-sm\" href=\"https:\/\/coastalstoriesguadalupe.org\/wp-content\/uploads\/2026\/03\/CSG_DunesMXT-ch3.mp4\" target=\"_blank\">\n\t\t\t\t\t\t<span class=\"elementor-button-content-wrapper\">\n\t\t\t\t\t\t\t\t\t<span class=\"elementor-button-text\">Mixteco Version<\/span>\n\t\t\t\t\t<\/span>\n\t\t\t\t\t<\/a>\n\t\t\t\t\t\t\t\t<\/div>\n\t\t\t\t<\/div>\n\t\t\t\t\t<\/div>\n\t\t\t\t<\/div>\n\t\t<div class=\"elementor-element elementor-element-96a2353 e-flex e-con-boxed e-con e-parent\" data-id=\"96a2353\" data-element_type=\"container\" data-e-type=\"container\">\n\t\t\t\t\t<div class=\"e-con-inner\">\n\t\t<div class=\"elementor-element elementor-element-6bc9818 e-con-full e-flex e-con e-child\" data-id=\"6bc9818\" data-element_type=\"container\" data-e-type=\"container\">\n\t\t\t\t<div class=\"elementor-element elementor-element-bdf38e4 elementor-widget elementor-widget-heading\" data-id=\"bdf38e4\" data-element_type=\"widget\" data-e-type=\"widget\" data-widget_type=\"heading.default\">\n\t\t\t\t\t<h2 class=\"elementor-heading-title elementor-size-default\">More about this chapter<\/h2>\t\t\t\t<\/div>\n\t\t\t\t<\/div>\n\t\t\t\t\t<\/div>\n\t\t\t\t<\/div>\n\t\t<div class=\"elementor-element elementor-element-4d21ddd e-flex e-con-boxed e-con e-parent\" data-id=\"4d21ddd\" data-element_type=\"container\" data-e-type=\"container\">\n\t\t\t\t\t<div class=\"e-con-inner\">\n\t\t<div class=\"elementor-element elementor-element-b80d89d e-con-full e-flex e-con e-child\" data-id=\"b80d89d\" data-element_type=\"container\" data-e-type=\"container\">\n\t\t\t\t<div class=\"elementor-element elementor-element-e68d534 elementor-widget elementor-widget-text-editor\" data-id=\"e68d534\" data-element_type=\"widget\" data-e-type=\"widget\" data-widget_type=\"text-editor.default\">\n\t\t\t\t\t\t\t\t\t<p><span style=\"color: #000000;\">In the shadow of the Guadalupe-Nipomo Dunes, a legacy took root in the Santa Maria Valley.<\/span><\/p><p><span style=\"color: #000000;\">In the late 1800s, Chinese laborers\u2014fresh from building the Southern Pacific Railroad\u2014brought their knowledge to the sugar beet fields.By 1899, Japanese farmers followed, transforming Guadalupe into a thriving agricultural hub, led by figures like H. Y. Minami.<\/span><\/p><p><span style=\"color: #000000;\">In the 1920s, Filipino Manongs arrived, enduring brutal labor to harvest the crops that fed a nation. Together, these Asian communities shaped the land\u2014and built Guadalupe into an agricultural powerhouse.<\/span><\/p><p><span style=\"color: #000000;\">In 1942, Executive Order 9066 shattered Guadalupe.<\/span><\/p><p><span style=\"color: #000000;\">Japanese families\u2014who had turned dust into gardens\u2014were forced to abandon their land, sent to camps in Arizona, their farms left behind or lost forever.<\/span><\/p><p><span style=\"color: #000000;\">The war reshaped the lives of Filipino Manongs as well\u2014many left the fields to fight overseas, while those who remained watched the valley change.<\/span><\/p><p><span style=\"color: #000000;\">To fill the labor gap, new workers arrived from Mexico under the Bracero Program, altering the rhythm of the fields.<\/span><\/p><p><span style=\"color: #000000;\">World War II didn\u2019t just end a harvest\u2014it ended an era, leaving a legacy marked by resilience, and by what was lost.<\/span><\/p>\t\t\t\t\t\t\t\t<\/div>\n\t\t\t\t<\/div>\n\t\t<div class=\"elementor-element elementor-element-71de201 e-con-full e-flex e-con e-child\" data-id=\"71de201\" data-element_type=\"container\" data-e-type=\"container\">\n\t\t\t\t<div class=\"elementor-element elementor-element-022da11 elementor-widget elementor-widget-text-editor\" data-id=\"022da11\" data-element_type=\"widget\" data-e-type=\"widget\" data-widget_type=\"text-editor.default\">\n\t\t\t\t\t\t\t\t\t<p><span style=\"color: #000000;\">A la sombra de las Dunas de Guadalupe-Nipomo, un legado ech\u00f3 ra\u00edces en el Valle de Santa Mar\u00eda.<\/span><\/p><p><span style=\"color: #000000;\">A finales del siglo XIX, trabajadores chinos \u2014reci\u00e9n llegados tras la construcci\u00f3n del Ferrocarril Southern Pacific\u2014 aportaron sus conocimientos a los campos de remolacha azucarera. Hacia 1899, les siguieron agricultores japoneses, transformando a Guadalupe en un pr\u00f3spero centro agr\u00edcola, liderado por figuras como H. Y. Minami.<\/span><\/p><p><span style=\"color: #000000;\">En la d\u00e9cada de 1920, llegaron los *Manongs* filipinos, quienes soportaron condiciones laborales brutales para cosechar los cultivos que alimentaban a una naci\u00f3n. Juntas, estas comunidades asi\u00e1ticas moldearon la tierra y convirtieron a Guadalupe en una potencia agr\u00edcola.<\/span><\/p><p><span style=\"color: #000000;\">En 1942, la Orden Ejecutiva 9066 devast\u00f3 a Guadalupe.<\/span><\/p><p><span style=\"color: #000000;\">Las familias japonesas \u2014que hab\u00edan transformado el polvo en jardines\u2014 se vieron obligadas a abandonar sus tierras; fueron enviadas a campos de internamiento en Arizona, dejando atr\u00e1s sus granjas o perdi\u00e9ndolas para siempre.<\/span><\/p><p><span style=\"color: #000000;\">La guerra tambi\u00e9n transform\u00f3 las vidas de los *Manongs* filipinos: muchos abandonaron los campos para luchar en el extranjero, mientras que aquellos que permanecieron vieron cambiar el valle.<\/span><\/p><p><span style=\"color: #000000;\">Para cubrir la escasez de mano de obra, llegaron nuevos trabajadores desde M\u00e9xico bajo el Programa Bracero, alterando el ritmo de los campos.<\/span><\/p><p><span style=\"color: #000000;\">La Segunda Guerra Mundial no solo puso fin a una cosecha, sino que clausur\u00f3 una era, dejando un legado marcado por la resiliencia y por aquello que se perdi\u00f3.<\/span><\/p>\t\t\t\t\t\t\t\t<\/div>\n\t\t\t\t<\/div>\n\t\t\t\t\t<\/div>\n\t\t\t\t<\/div>\n\t\t<div class=\"elementor-element elementor-element-2450bef e-flex e-con-boxed e-con e-parent\" data-id=\"2450bef\" data-element_type=\"container\" data-e-type=\"container\">\n\t\t\t\t\t<div class=\"e-con-inner\">\n\t\t<div class=\"elementor-element elementor-element-865ba6d e-con-full e-flex e-con e-child\" data-id=\"865ba6d\" data-element_type=\"container\" data-e-type=\"container\">\n\t\t\t\t<div class=\"elementor-element elementor-element-4cc425d elementor-align-center elementor-widget elementor-widget-button\" data-id=\"4cc425d\" data-element_type=\"widget\" data-e-type=\"widget\" data-widget_type=\"button.default\">\n\t\t\t\t\t\t\t\t\t\t<a class=\"elementor-button elementor-button-link elementor-size-sm\" href=\"https:\/\/coastalstoriesguadalupe.org\/es\/the-documentary-part-2-the-chumash\/\">\n\t\t\t\t\t\t<span class=\"elementor-button-content-wrapper\">\n\t\t\t\t\t\t\t\t\t<span class=\"elementor-button-text\">Previous \/ Anterior<\/span>\n\t\t\t\t\t<\/span>\n\t\t\t\t\t<\/a>\n\t\t\t\t\t\t\t\t<\/div>\n\t\t\t\t<\/div>\n\t\t<div class=\"elementor-element elementor-element-3a2b86e e-con-full e-flex e-con e-child\" data-id=\"3a2b86e\" data-element_type=\"container\" data-e-type=\"container\">\n\t\t\t\t<div class=\"elementor-element elementor-element-78e589c elementor-align-center elementor-widget elementor-widget-button\" data-id=\"78e589c\" data-element_type=\"widget\" data-e-type=\"widget\" data-widget_type=\"button.default\">\n\t\t\t\t\t\t\t\t\t\t<a class=\"elementor-button elementor-button-link elementor-size-sm\" href=\"https:\/\/coastalstoriesguadalupe.org\/es\/the-documentary-part-4-latino-migrant-farming\/\">\n\t\t\t\t\t\t<span class=\"elementor-button-content-wrapper\">\n\t\t\t\t\t\t\t\t\t<span class=\"elementor-button-text\">Next \/ Pr\u00f3xima<\/span>\n\t\t\t\t\t<\/span>\n\t\t\t\t\t<\/a>\n\t\t\t\t\t\t\t\t<\/div>\n\t\t\t\t<\/div>\n\t\t\t\t\t<\/div>\n\t\t\t\t<\/div>\n\t\t\t\t<\/div>","protected":false},"excerpt":{"rendered":"<p>The Coastal Stories &#8211; Guadalupe Dunes Documentary Part 3: Asian Farming https:\/\/coastalstoriesguadalupe.org\/wp-content\/uploads\/2026\/01\/Dunes_V8-CH3DEL1.mp4 Spanish Version Mixteco Version More about this chapter In the shadow of the Guadalupe-Nipomo Dunes, a legacy took root in the Santa Maria Valley. In the late 1800s, Chinese laborers\u2014fresh from building the Southern Pacific Railroad\u2014brought their knowledge to the sugar beet fields.By [&hellip;]<\/p>\n","protected":false},"author":1,"featured_media":0,"parent":0,"menu_order":0,"comment_status":"closed","ping_status":"open","template":"","meta":{"ocean_post_layout":"full-width","ocean_both_sidebars_style":"","ocean_both_sidebars_content_width":0,"ocean_both_sidebars_sidebars_width":0,"ocean_sidebar":"","ocean_second_sidebar":"","ocean_disable_margins":"enable","ocean_add_body_class":"","ocean_shortcode_before_top_bar":"","ocean_shortcode_after_top_bar":"","ocean_shortcode_before_header":"","ocean_shortcode_after_header":"","ocean_has_shortcode":"","ocean_shortcode_after_title":"","ocean_shortcode_before_footer_widgets":"","ocean_shortcode_after_footer_widgets":"","ocean_shortcode_before_footer_bottom":"","ocean_shortcode_after_footer_bottom":"","ocean_display_top_bar":"default","ocean_display_header":"default","ocean_header_style":"","ocean_center_header_left_menu":"","ocean_custom_header_template":"","ocean_custom_logo":0,"ocean_custom_retina_logo":0,"ocean_custom_logo_max_width":0,"ocean_custom_logo_tablet_max_width":0,"ocean_custom_logo_mobile_max_width":0,"ocean_custom_logo_max_height":0,"ocean_custom_logo_tablet_max_height":0,"ocean_custom_logo_mobile_max_height":0,"ocean_header_custom_menu":"","ocean_menu_typo_font_family":"","ocean_menu_typo_font_subset":"","ocean_menu_typo_font_size":0,"ocean_menu_typo_font_size_tablet":0,"ocean_menu_typo_font_size_mobile":0,"ocean_menu_typo_font_size_unit":"px","ocean_menu_typo_font_weight":"","ocean_menu_typo_font_weight_tablet":"","ocean_menu_typo_font_weight_mobile":"","ocean_menu_typo_transform":"","ocean_menu_typo_transform_tablet":"","ocean_menu_typo_transform_mobile":"","ocean_menu_typo_line_height":0,"ocean_menu_typo_line_height_tablet":0,"ocean_menu_typo_line_height_mobile":0,"ocean_menu_typo_line_height_unit":"","ocean_menu_typo_spacing":0,"ocean_menu_typo_spacing_tablet":0,"ocean_menu_typo_spacing_mobile":0,"ocean_menu_typo_spacing_unit":"","ocean_menu_link_color":"","ocean_menu_link_color_hover":"","ocean_menu_link_color_active":"","ocean_menu_link_background":"","ocean_menu_link_hover_background":"","ocean_menu_link_active_background":"","ocean_menu_social_links_bg":"","ocean_menu_social_hover_links_bg":"","ocean_menu_social_links_color":"","ocean_menu_social_hover_links_color":"","ocean_disable_title":"on","ocean_disable_heading":"default","ocean_post_title":"","ocean_post_subheading":"","ocean_post_title_style":"","ocean_post_title_background_color":"","ocean_post_title_background":0,"ocean_post_title_bg_image_position":"","ocean_post_title_bg_image_attachment":"","ocean_post_title_bg_image_repeat":"","ocean_post_title_bg_image_size":"","ocean_post_title_height":0,"ocean_post_title_bg_overlay":0.5,"ocean_post_title_bg_overlay_color":"","ocean_disable_breadcrumbs":"default","ocean_breadcrumbs_color":"","ocean_breadcrumbs_separator_color":"","ocean_breadcrumbs_links_color":"","ocean_breadcrumbs_links_hover_color":"","ocean_display_footer_widgets":"default","ocean_display_footer_bottom":"default","ocean_custom_footer_template":"","footnotes":""},"class_list":["post-340","page","type-page","status-publish","hentry","entry"],"_links":{"self":[{"href":"https:\/\/coastalstoriesguadalupe.org\/es\/wp-json\/wp\/v2\/pages\/340","targetHints":{"allow":["GET"]}}],"collection":[{"href":"https:\/\/coastalstoriesguadalupe.org\/es\/wp-json\/wp\/v2\/pages"}],"about":[{"href":"https:\/\/coastalstoriesguadalupe.org\/es\/wp-json\/wp\/v2\/types\/page"}],"author":[{"embeddable":true,"href":"https:\/\/coastalstoriesguadalupe.org\/es\/wp-json\/wp\/v2\/users\/1"}],"replies":[{"embeddable":true,"href":"https:\/\/coastalstoriesguadalupe.org\/es\/wp-json\/wp\/v2\/comments?post=340"}],"version-history":[{"count":13,"href":"https:\/\/coastalstoriesguadalupe.org\/es\/wp-json\/wp\/v2\/pages\/340\/revisions"}],"predecessor-version":[{"id":444,"href":"https:\/\/coastalstoriesguadalupe.org\/es\/wp-json\/wp\/v2\/pages\/340\/revisions\/444"}],"wp:attachment":[{"href":"https:\/\/coastalstoriesguadalupe.org\/es\/wp-json\/wp\/v2\/media?parent=340"}],"curies":[{"name":"wp","href":"https:\/\/api.w.org\/{rel}","templated":true}]}}