{"id":345,"date":"2026-03-24T13:44:58","date_gmt":"2026-03-24T20:44:58","guid":{"rendered":"https:\/\/coastalstoriesguadalupe.org\/?page_id=345"},"modified":"2026-03-24T16:11:33","modified_gmt":"2026-03-24T23:11:33","slug":"the-documentary-part-4-latino-migrant-farming","status":"publish","type":"page","link":"https:\/\/coastalstoriesguadalupe.org\/es\/the-documentary-part-4-latino-migrant-farming\/","title":{"rendered":"The Documentary &#8211; Part 4: Latino Migrant Farming"},"content":{"rendered":"<div data-elementor-type=\"wp-page\" data-elementor-id=\"345\" class=\"elementor elementor-345\">\n\t\t\t\t<div class=\"elementor-element elementor-element-6e668e86 e-flex e-con-boxed e-con e-parent\" data-id=\"6e668e86\" data-element_type=\"container\" data-e-type=\"container\">\n\t\t\t\t\t<div class=\"e-con-inner\">\n\t\t\t\t<div class=\"elementor-element elementor-element-f1fd226 elementor-widget elementor-widget-heading\" data-id=\"f1fd226\" data-element_type=\"widget\" data-e-type=\"widget\" data-widget_type=\"heading.default\">\n\t\t\t\t\t<h2 class=\"elementor-heading-title elementor-size-default\">Historias de la costa: Documental sobre las dunas de Guadalupe<\/h2>\t\t\t\t<\/div>\n\t\t\t\t<div class=\"elementor-element elementor-element-41a213d elementor-widget elementor-widget-heading\" data-id=\"41a213d\" data-element_type=\"widget\" data-e-type=\"widget\" data-widget_type=\"heading.default\">\n\t\t\t\t\t<h2 class=\"elementor-heading-title elementor-size-default\">Part 4: Latino Migrant Farming<\/h2>\t\t\t\t<\/div>\n\t\t\t\t<div class=\"elementor-element elementor-element-39aa709 elementor-widget elementor-widget-video\" data-id=\"39aa709\" data-element_type=\"widget\" data-e-type=\"widget\" data-settings=\"{&quot;video_type&quot;:&quot;hosted&quot;,&quot;controls&quot;:&quot;yes&quot;}\" data-widget_type=\"video.default\">\n\t\t\t\t\t\t\t<div class=\"e-hosted-video elementor-wrapper elementor-open-inline\">\n\t\t\t\t\t<video class=\"elementor-video\" src=\"https:\/\/coastalstoriesguadalupe.org\/wp-content\/uploads\/2026\/01\/Dunes_V8-CH4DEL1.mp4\" controls=\"\" preload=\"metadata\" controlslist=\"nodownload\"><\/video>\n\t\t\t\t<\/div>\n\t\t\t\t\t\t<\/div>\n\t\t\t\t\t<\/div>\n\t\t\t\t<\/div>\n\t\t<div class=\"elementor-element elementor-element-99de0b6 e-flex e-con-boxed e-con e-parent\" data-id=\"99de0b6\" data-element_type=\"container\" data-e-type=\"container\">\n\t\t\t\t\t<div class=\"e-con-inner\">\n\t\t<div class=\"elementor-element elementor-element-4b4af95 e-con-full e-flex e-con e-child\" data-id=\"4b4af95\" data-element_type=\"container\" data-e-type=\"container\">\n\t\t\t\t<div class=\"elementor-element elementor-element-00bf9a6 elementor-align-center elementor-widget elementor-widget-button\" data-id=\"00bf9a6\" data-element_type=\"widget\" data-e-type=\"widget\" data-widget_type=\"button.default\">\n\t\t\t\t\t\t\t\t\t\t<a class=\"elementor-button elementor-button-link elementor-size-sm\" href=\"https:\/\/coastalstoriesguadalupe.org\/wp-content\/uploads\/2026\/03\/CSG_DunesESP-ch4.mp4\" target=\"_blank\">\n\t\t\t\t\t\t<span class=\"elementor-button-content-wrapper\">\n\t\t\t\t\t\t\t\t\t<span class=\"elementor-button-text\">Spanish Version<\/span>\n\t\t\t\t\t<\/span>\n\t\t\t\t\t<\/a>\n\t\t\t\t\t\t\t\t<\/div>\n\t\t\t\t<\/div>\n\t\t<div class=\"elementor-element elementor-element-c86999d e-con-full e-flex e-con e-child\" data-id=\"c86999d\" data-element_type=\"container\" data-e-type=\"container\">\n\t\t\t\t<div class=\"elementor-element elementor-element-5211070 elementor-align-center elementor-widget elementor-widget-button\" data-id=\"5211070\" data-element_type=\"widget\" data-e-type=\"widget\" data-widget_type=\"button.default\">\n\t\t\t\t\t\t\t\t\t\t<a class=\"elementor-button elementor-button-link elementor-size-sm\" href=\"https:\/\/coastalstoriesguadalupe.org\/wp-content\/uploads\/2026\/03\/CSG_DunesMXT-ch4.mp4\" target=\"_blank\">\n\t\t\t\t\t\t<span class=\"elementor-button-content-wrapper\">\n\t\t\t\t\t\t\t\t\t<span class=\"elementor-button-text\">Mixteco Version<\/span>\n\t\t\t\t\t<\/span>\n\t\t\t\t\t<\/a>\n\t\t\t\t\t\t\t\t<\/div>\n\t\t\t\t<\/div>\n\t\t\t\t\t<\/div>\n\t\t\t\t<\/div>\n\t\t<div class=\"elementor-element elementor-element-108daf1 e-flex e-con-boxed e-con e-parent\" data-id=\"108daf1\" data-element_type=\"container\" data-e-type=\"container\">\n\t\t\t\t\t<div class=\"e-con-inner\">\n\t\t<div class=\"elementor-element elementor-element-d507130 e-con-full e-flex e-con e-child\" data-id=\"d507130\" data-element_type=\"container\" data-e-type=\"container\">\n\t\t\t\t<div class=\"elementor-element elementor-element-914a159 elementor-widget elementor-widget-heading\" data-id=\"914a159\" data-element_type=\"widget\" data-e-type=\"widget\" data-widget_type=\"heading.default\">\n\t\t\t\t\t<h2 class=\"elementor-heading-title elementor-size-default\">More about this chapter<\/h2>\t\t\t\t<\/div>\n\t\t\t\t<\/div>\n\t\t\t\t\t<\/div>\n\t\t\t\t<\/div>\n\t\t<div class=\"elementor-element elementor-element-4d21ddd e-flex e-con-boxed e-con e-parent\" data-id=\"4d21ddd\" data-element_type=\"container\" data-e-type=\"container\">\n\t\t\t\t\t<div class=\"e-con-inner\">\n\t\t<div class=\"elementor-element elementor-element-b80d89d e-con-full e-flex e-con e-child\" data-id=\"b80d89d\" data-element_type=\"container\" data-e-type=\"container\">\n\t\t\t\t<div class=\"elementor-element elementor-element-d69c3fe elementor-widget elementor-widget-text-editor\" data-id=\"d69c3fe\" data-element_type=\"widget\" data-e-type=\"widget\" data-widget_type=\"text-editor.default\">\n\t\t\t\t\t\t\t\t\t<p><span style=\"color: #000000;\">In 1942, as Japanese families were forced from Guadalupe, another workforce arrived from the south. They were the Braceros\u2014Mexican laborers recruited to save America\u2019s wartime harvest.<\/span><\/p><p><span style=\"color: #000000;\">In the Santa Maria Valley, they filled the empty fields, harvesting beets and lettuce that fed a nation at war. What began as a temporary program became a lasting presence.<\/span><\/p><p><span style=\"color: #000000;\">Through grueling labor and crowded camps, they didn\u2019t just work the land\u2014they put down roots, reshaping Guadalupe forever.<\/span><\/p><p><span style=\"color: #000000;\">By the early 1960s, the tide began to turn.<\/span><\/p><p><span style=\"color: #000000;\">Farmworker voices rose from the fields to Washington, led by Cesar Chavez and Dolores Huerta. They exposed the broken promises of the Bracero Program\u2014withheld wages, dangerous conditions, and decades of exploitation.<\/span><\/p><p><span style=\"color: #000000;\">As machines replaced hand labor, the program ended in 1964. What followed was not an ending, but a transformation\u2014igniting a labor movement that reshaped California and secured a permanent voice for the workers of Guadalupe and beyond.<\/span><\/p>\t\t\t\t\t\t\t\t<\/div>\n\t\t\t\t<\/div>\n\t\t<div class=\"elementor-element elementor-element-71de201 e-con-full e-flex e-con e-child\" data-id=\"71de201\" data-element_type=\"container\" data-e-type=\"container\">\n\t\t\t\t<div class=\"elementor-element elementor-element-9175f17 elementor-widget elementor-widget-text-editor\" data-id=\"9175f17\" data-element_type=\"widget\" data-e-type=\"widget\" data-widget_type=\"text-editor.default\">\n\t\t\t\t\t\t\t\t\t<p><span style=\"color: #000000;\">En 1942, mientras las familias japonesas eran expulsadas de Guadalupe, otra fuerza laboral llegaba desde el sur. Eran los braceros: trabajadores mexicanos reclutados para salvar la cosecha estadounidense en tiempos de guerra.<\/span><\/p><p><span style=\"color: #000000;\">En el Valle de Santa Mar\u00eda, ocuparon los campos vac\u00edos, cosechando remolachas y lechugas que alimentaron a una naci\u00f3n en guerra. Lo que comenz\u00f3 como un programa temporal se convirti\u00f3 en una presencia perdurable.<\/span><\/p><p><span style=\"color: #000000;\">A trav\u00e9s de una labor extenuante y en campamentos hacinados, no solo trabajaron la tierra, sino que echaron ra\u00edces, transformando a Guadalupe para siempre.<\/span><\/p><p><span style=\"color: #000000;\">A principios de la d\u00e9cada de 1960, la marea comenz\u00f3 a cambiar.<\/span><\/p><p><span style=\"color: #000000;\">Las voces de los trabajadores agr\u00edcolas se alzaron desde los campos hasta Washington, lideradas por C\u00e9sar Ch\u00e1vez y Dolores Huerta. Denunciaron las promesas incumplidas del Programa Bracero: salarios retenidos, condiciones peligrosas y d\u00e9cadas de explotaci\u00f3n.<\/span><\/p><p><span style=\"color: #000000;\">A medida que las m\u00e1quinas reemplazaban el trabajo manual, el programa lleg\u00f3 a su fin en 1964. Lo que sigui\u00f3 no fue un final, sino una transformaci\u00f3n que encendi\u00f3 un movimiento laboral que remodel\u00f3 California y asegur\u00f3 una voz permanente para los trabajadores de Guadalupe y m\u00e1s all\u00e1.<\/span><\/p>\t\t\t\t\t\t\t\t<\/div>\n\t\t\t\t<\/div>\n\t\t\t\t\t<\/div>\n\t\t\t\t<\/div>\n\t\t<div class=\"elementor-element elementor-element-9793245 e-flex e-con-boxed e-con e-parent\" data-id=\"9793245\" data-element_type=\"container\" data-e-type=\"container\">\n\t\t\t\t\t<div class=\"e-con-inner\">\n\t\t<div class=\"elementor-element elementor-element-73e3c28 e-con-full e-flex e-con e-child\" data-id=\"73e3c28\" data-element_type=\"container\" data-e-type=\"container\">\n\t\t\t\t<div class=\"elementor-element elementor-element-350e1ad elementor-align-center elementor-widget elementor-widget-button\" data-id=\"350e1ad\" data-element_type=\"widget\" data-e-type=\"widget\" data-widget_type=\"button.default\">\n\t\t\t\t\t\t\t\t\t\t<a class=\"elementor-button elementor-button-link elementor-size-sm\" href=\"https:\/\/coastalstoriesguadalupe.org\/es\/the-documentary-part-3-asian-farming\/\">\n\t\t\t\t\t\t<span class=\"elementor-button-content-wrapper\">\n\t\t\t\t\t\t\t\t\t<span class=\"elementor-button-text\">Previous \/ Anterior<\/span>\n\t\t\t\t\t<\/span>\n\t\t\t\t\t<\/a>\n\t\t\t\t\t\t\t\t<\/div>\n\t\t\t\t<\/div>\n\t\t<div class=\"elementor-element elementor-element-c117cff e-con-full e-flex e-con e-child\" data-id=\"c117cff\" data-element_type=\"container\" data-e-type=\"container\">\n\t\t\t\t<div class=\"elementor-element elementor-element-e0e84a5 elementor-align-center elementor-widget elementor-widget-button\" data-id=\"e0e84a5\" data-element_type=\"widget\" data-e-type=\"widget\" data-widget_type=\"button.default\">\n\t\t\t\t\t\t\t\t\t\t<a class=\"elementor-button elementor-button-link elementor-size-sm\" href=\"https:\/\/coastalstoriesguadalupe.org\/es\/the-documentary-part-5-the-modern-day-dunes\/\">\n\t\t\t\t\t\t<span class=\"elementor-button-content-wrapper\">\n\t\t\t\t\t\t\t\t\t<span class=\"elementor-button-text\">Next \/ Pr\u00f3xima<\/span>\n\t\t\t\t\t<\/span>\n\t\t\t\t\t<\/a>\n\t\t\t\t\t\t\t\t<\/div>\n\t\t\t\t<\/div>\n\t\t\t\t\t<\/div>\n\t\t\t\t<\/div>\n\t\t\t\t<\/div>","protected":false},"excerpt":{"rendered":"<p>The Coastal Stories &#8211; Guadalupe Dunes Documentary Part 4: Latino Migrant Farming https:\/\/coastalstoriesguadalupe.org\/wp-content\/uploads\/2026\/01\/Dunes_V8-CH4DEL1.mp4 Spanish Version Mixteco Version More about this chapter In 1942, as Japanese families were forced from Guadalupe, another workforce arrived from the south. They were the Braceros\u2014Mexican laborers recruited to save America\u2019s wartime harvest. In the Santa Maria Valley, they filled the [&hellip;]<\/p>\n","protected":false},"author":1,"featured_media":0,"parent":0,"menu_order":0,"comment_status":"closed","ping_status":"open","template":"","meta":{"ocean_post_layout":"full-width","ocean_both_sidebars_style":"","ocean_both_sidebars_content_width":0,"ocean_both_sidebars_sidebars_width":0,"ocean_sidebar":"","ocean_second_sidebar":"","ocean_disable_margins":"enable","ocean_add_body_class":"","ocean_shortcode_before_top_bar":"","ocean_shortcode_after_top_bar":"","ocean_shortcode_before_header":"","ocean_shortcode_after_header":"","ocean_has_shortcode":"","ocean_shortcode_after_title":"","ocean_shortcode_before_footer_widgets":"","ocean_shortcode_after_footer_widgets":"","ocean_shortcode_before_footer_bottom":"","ocean_shortcode_after_footer_bottom":"","ocean_display_top_bar":"default","ocean_display_header":"default","ocean_header_style":"","ocean_center_header_left_menu":"","ocean_custom_header_template":"","ocean_custom_logo":0,"ocean_custom_retina_logo":0,"ocean_custom_logo_max_width":0,"ocean_custom_logo_tablet_max_width":0,"ocean_custom_logo_mobile_max_width":0,"ocean_custom_logo_max_height":0,"ocean_custom_logo_tablet_max_height":0,"ocean_custom_logo_mobile_max_height":0,"ocean_header_custom_menu":"","ocean_menu_typo_font_family":"","ocean_menu_typo_font_subset":"","ocean_menu_typo_font_size":0,"ocean_menu_typo_font_size_tablet":0,"ocean_menu_typo_font_size_mobile":0,"ocean_menu_typo_font_size_unit":"px","ocean_menu_typo_font_weight":"","ocean_menu_typo_font_weight_tablet":"","ocean_menu_typo_font_weight_mobile":"","ocean_menu_typo_transform":"","ocean_menu_typo_transform_tablet":"","ocean_menu_typo_transform_mobile":"","ocean_menu_typo_line_height":0,"ocean_menu_typo_line_height_tablet":0,"ocean_menu_typo_line_height_mobile":0,"ocean_menu_typo_line_height_unit":"","ocean_menu_typo_spacing":0,"ocean_menu_typo_spacing_tablet":0,"ocean_menu_typo_spacing_mobile":0,"ocean_menu_typo_spacing_unit":"","ocean_menu_link_color":"","ocean_menu_link_color_hover":"","ocean_menu_link_color_active":"","ocean_menu_link_background":"","ocean_menu_link_hover_background":"","ocean_menu_link_active_background":"","ocean_menu_social_links_bg":"","ocean_menu_social_hover_links_bg":"","ocean_menu_social_links_color":"","ocean_menu_social_hover_links_color":"","ocean_disable_title":"on","ocean_disable_heading":"default","ocean_post_title":"","ocean_post_subheading":"","ocean_post_title_style":"","ocean_post_title_background_color":"","ocean_post_title_background":0,"ocean_post_title_bg_image_position":"","ocean_post_title_bg_image_attachment":"","ocean_post_title_bg_image_repeat":"","ocean_post_title_bg_image_size":"","ocean_post_title_height":0,"ocean_post_title_bg_overlay":0.5,"ocean_post_title_bg_overlay_color":"","ocean_disable_breadcrumbs":"default","ocean_breadcrumbs_color":"","ocean_breadcrumbs_separator_color":"","ocean_breadcrumbs_links_color":"","ocean_breadcrumbs_links_hover_color":"","ocean_display_footer_widgets":"default","ocean_display_footer_bottom":"default","ocean_custom_footer_template":"","footnotes":""},"class_list":["post-345","page","type-page","status-publish","hentry","entry"],"_links":{"self":[{"href":"https:\/\/coastalstoriesguadalupe.org\/es\/wp-json\/wp\/v2\/pages\/345","targetHints":{"allow":["GET"]}}],"collection":[{"href":"https:\/\/coastalstoriesguadalupe.org\/es\/wp-json\/wp\/v2\/pages"}],"about":[{"href":"https:\/\/coastalstoriesguadalupe.org\/es\/wp-json\/wp\/v2\/types\/page"}],"author":[{"embeddable":true,"href":"https:\/\/coastalstoriesguadalupe.org\/es\/wp-json\/wp\/v2\/users\/1"}],"replies":[{"embeddable":true,"href":"https:\/\/coastalstoriesguadalupe.org\/es\/wp-json\/wp\/v2\/comments?post=345"}],"version-history":[{"count":13,"href":"https:\/\/coastalstoriesguadalupe.org\/es\/wp-json\/wp\/v2\/pages\/345\/revisions"}],"predecessor-version":[{"id":447,"href":"https:\/\/coastalstoriesguadalupe.org\/es\/wp-json\/wp\/v2\/pages\/345\/revisions\/447"}],"wp:attachment":[{"href":"https:\/\/coastalstoriesguadalupe.org\/es\/wp-json\/wp\/v2\/media?parent=345"}],"curies":[{"name":"wp","href":"https:\/\/api.w.org\/{rel}","templated":true}]}}