{"id":40,"date":"2025-11-01T18:14:05","date_gmt":"2025-11-02T01:14:05","guid":{"rendered":"https:\/\/coastalstoriesguadalupe.org\/?page_id=40"},"modified":"2026-01-30T20:55:17","modified_gmt":"2026-01-31T04:55:17","slug":"the-mural","status":"publish","type":"page","link":"https:\/\/coastalstoriesguadalupe.org\/es\/the-mural\/","title":{"rendered":"La Mural"},"content":{"rendered":"<div data-elementor-type=\"wp-page\" data-elementor-id=\"40\" class=\"elementor elementor-40\">\n\t\t\t\t<div class=\"elementor-element elementor-element-c78b4a5 e-con-full e-flex e-con e-parent\" data-id=\"c78b4a5\" data-element_type=\"container\" data-e-type=\"container\">\n\t\t\t\t<div class=\"elementor-element elementor-element-6281056 elementor-widget elementor-widget-shortcode\" data-id=\"6281056\" data-element_type=\"widget\" data-e-type=\"widget\" data-widget_type=\"shortcode.default\">\n\t\t\t\t\t\t\t<div class=\"elementor-shortcode\"><\/div>\n\t\t\t\t\t\t<\/div>\n\t\t\t\t<\/div>\n\t\t<div class=\"elementor-element elementor-element-bb8ca57 e-flex e-con-boxed e-con e-parent\" data-id=\"bb8ca57\" data-element_type=\"container\" data-e-type=\"container\">\n\t\t\t\t\t<div class=\"e-con-inner\">\n\t\t\t\t<div class=\"elementor-element elementor-element-ce3fa7e elementor-widget elementor-widget-heading\" data-id=\"ce3fa7e\" data-element_type=\"widget\" data-e-type=\"widget\" data-widget_type=\"heading.default\">\n\t\t\t\t\t<h2 class=\"elementor-heading-title elementor-size-default\">Las historias de la costa - Mural de las dunas de Guadalupe<\/h2>\t\t\t\t<\/div>\n\t\t\t\t<div class=\"elementor-element elementor-element-e514369 elementor-widget elementor-widget-text-editor\" data-id=\"e514369\" data-element_type=\"widget\" data-e-type=\"widget\" data-widget_type=\"text-editor.default\">\n\t\t\t\t\t\t\t\t\t<p><span style=\"color: #000000;\"><\/span><\/p>\n<p><span style=\"color: #000000;\">El mural \"Historias de la Costa \u2013 Dunas de Guadalupe\" fue un proyecto realizado con gran dedicaci\u00f3n por la reconocida muralista local Colleen Gnos. Colleen fue seleccionada entre un amplio y talentoso grupo de artistas para dise\u00f1ar y pintar el mural, que se encuentra en la pared de la esquina de West Main Street (Carretera 166) y Calle Cesar Chavez, junto al Parque Jack O\u2019Connell. Los vibrantes colores del mural lo hacen claramente visible tanto para los veh\u00edculos como para los peatones que se dirigen a la zona de la playa de las dunas de Rancho Nipomo.<\/span><\/p>\n<p><span style=\"color: #000000;\">No contenta con simplemente plasmar una \"idea\" en la pintura, Colleen se sumergi\u00f3 en una profunda investigaci\u00f3n local, hablando con historiadores de la zona, la Sociedad Hist\u00f3rica Rancho De Guadalupe, el Museo y Centro Cultural Chumash de Santa Ynez y entrevistando a residentes locales. El resultado es una visi\u00f3n espectacular de la historia de Guadalupe; una instant\u00e1nea visual de tiempos pasados, donde cada parte del mural cuenta historias de personas cuyas voces no siempre fueron escuchadas.<\/span><\/p>\n<p><span style=\"color: #000000;\">Los espectadores m\u00e1s observadores podr\u00e1n encontrar (entre muchas otras cosas): hierba de tule, br\u00f3coli, la Estrella Polar, un halc\u00f3n peregrino, un oso grizzly, salvia costera y una mariposa Almirante Roja. Tambi\u00e9n ver\u00e1n una danza de la barracuda de los Chumash, el antiguo restaurante Bud Wong and Chicago Chop Suey, trabajadores mixtecos, Joe Harris, Harry Masatani y Gilbert Robles. Hay a\u00fan m\u00e1s en el mural, as\u00ed que no duden en visitarlo y admirarlo en su totalidad... \u00a1a ver qu\u00e9 m\u00e1s descubren!<\/span><\/p>\n<p><span style=\"color: #000000;\"><\/span><\/p>\t\t\t\t\t\t\t\t<\/div>\n\t\t\t\t<div class=\"elementor-element elementor-element-c0caf9c elementor-widget elementor-widget-image\" data-id=\"c0caf9c\" data-element_type=\"widget\" data-e-type=\"widget\" data-widget_type=\"image.default\">\n\t\t\t\t\t\t\t\t\t\t\t\t\t\t\t\t<a href=\"https:\/\/coastalstoriesguadalupe.org\/wp-content\/uploads\/2026\/01\/lowres_C_Gnos_Guadalupe_Mural_02-scaled.jpg\" data-elementor-open-lightbox=\"yes\" data-elementor-lightbox-title=\"lowres_C_Gnos_Guadalupe_Mural_02\" data-e-action-hash=\"#elementor-action%3Aaction%3Dlightbox%26settings%3DeyJpZCI6MjUwLCJ1cmwiOiJodHRwczpcL1wvY29hc3RhbHN0b3JpZXNndWFkYWx1cGUub3JnXC93cC1jb250ZW50XC91cGxvYWRzXC8yMDI2XC8wMVwvbG93cmVzX0NfR25vc19HdWFkYWx1cGVfTXVyYWxfMDItc2NhbGVkLmpwZyJ9\">\n\t\t\t\t\t\t\t<img fetchpriority=\"high\" decoding=\"async\" width=\"1024\" height=\"615\" src=\"https:\/\/coastalstoriesguadalupe.org\/wp-content\/uploads\/2026\/01\/lowres_C_Gnos_Guadalupe_Mural_02-1024x615.jpg\" class=\"attachment-large size-large wp-image-250\" alt=\"\" srcset=\"https:\/\/coastalstoriesguadalupe.org\/wp-content\/uploads\/2026\/01\/lowres_C_Gnos_Guadalupe_Mural_02-1024x615.jpg 1024w, https:\/\/coastalstoriesguadalupe.org\/wp-content\/uploads\/2026\/01\/lowres_C_Gnos_Guadalupe_Mural_02-300x180.jpg 300w, https:\/\/coastalstoriesguadalupe.org\/wp-content\/uploads\/2026\/01\/lowres_C_Gnos_Guadalupe_Mural_02-768x461.jpg 768w, https:\/\/coastalstoriesguadalupe.org\/wp-content\/uploads\/2026\/01\/lowres_C_Gnos_Guadalupe_Mural_02-1536x922.jpg 1536w, https:\/\/coastalstoriesguadalupe.org\/wp-content\/uploads\/2026\/01\/lowres_C_Gnos_Guadalupe_Mural_02-2048x1230.jpg 2048w, https:\/\/coastalstoriesguadalupe.org\/wp-content\/uploads\/2026\/01\/lowres_C_Gnos_Guadalupe_Mural_02-18x12.jpg 18w\" sizes=\"(max-width: 1024px) 100vw, 1024px\" \/>\t\t\t\t\t\t\t\t<\/a>\n\t\t\t\t\t\t\t\t\t\t\t\t\t\t\t<\/div>\n\t\t\t\t\t<\/div>\n\t\t\t\t<\/div>\n\t\t<div class=\"elementor-element elementor-element-6e668e86 e-flex e-con-boxed e-con e-parent\" data-id=\"6e668e86\" data-element_type=\"container\" data-e-type=\"container\">\n\t\t\t\t\t<div class=\"e-con-inner\">\n\t\t\t\t<div class=\"elementor-element elementor-element-a97d586 elementor-widget elementor-widget-heading\" data-id=\"a97d586\" data-element_type=\"widget\" data-e-type=\"widget\" data-widget_type=\"heading.default\">\n\t\t\t\t\t<h3 class=\"elementor-heading-title elementor-size-default\">In the Artist's Words...<\/h3>\t\t\t\t<\/div>\n\t\t\t\t<div class=\"elementor-element elementor-element-13ec4c1 elementor-widget elementor-widget-text-editor\" data-id=\"13ec4c1\" data-element_type=\"widget\" data-e-type=\"widget\" data-widget_type=\"text-editor.default\">\n\t\t\t\t\t\t\t\t\t<p><span style=\"color: #000000;\"><\/span><\/p>\n<p><span style=\"color: #000000;\">I was honored to be selected to paint the Coastal Stories Mural commissioned by the Dunes Center and Coastal Conservancy.\u00a0 This public art\u00a0amplifies the voices and history of under represented communities in Guadalupe, CA, including the Chumash, Mixtecs, Japanese, Filipino and African Americans.<\/span><br \/><br \/><span style=\"color: #000000;\">My mural reflects a rich narrative of the history of this fascinating town. I did extensive research for this project including: working with a Chumash expert at the Chumash museum; reviewing photos, books and letters; listening to podcasts; interviewing dozens of individuals and subject experts; and exploring accounts of local history.\u00a0<\/span><\/p>\n<p><span style=\"color: #000000;\"><\/span><\/p>\t\t\t\t\t\t\t\t<\/div>\n\t\t\t\t<div class=\"elementor-element elementor-element-5fb68fd elementor-widget elementor-widget-heading\" data-id=\"5fb68fd\" data-element_type=\"widget\" data-e-type=\"widget\" data-widget_type=\"heading.default\">\n\t\t\t\t\t<h2 class=\"elementor-heading-title elementor-size-default\">The Mural Process<\/h2>\t\t\t\t<\/div>\n\t\t\t\t<div class=\"elementor-element elementor-element-c09100b elementor-widget elementor-widget-text-editor\" data-id=\"c09100b\" data-element_type=\"widget\" data-e-type=\"widget\" data-widget_type=\"text-editor.default\">\n\t\t\t\t\t\t\t\t\t<p><span style=\"color: #000000;\"><\/span><\/p>\n<p><span style=\"color: #000000;\"><strong>MURAL PROCESS<\/strong><\/span><br \/><br \/><span style=\"color: #000000;\">I painted the 25 foot long mural in sections on polytab fabric in my studio, using a 20&#8242; custom easel, built by my husband, Che Miller. He also helped me prepare the wall surface and install the final mural sections.<\/span><br \/><br \/><span style=\"color: #000000;\">\ud83d\udd39\ufe0f WATCH my video interview on PBS SoCal HERE\u00a0<span style=\"color: #3366ff;\"><a style=\"color: #3366ff;\" href=\"https:\/\/www.pbs.org\/video\/coastal-stories-of-the-guadalupe-dunes-s5srql\/\">https:\/\/www.pbs.org\/video\/coastal-stories-of-the-guadalupe-dunes-s5srql\/<\/a><\/span><\/span><br \/><br \/><span style=\"color: #000000;\">\ud83d\udd39\ufe0f READ about background mural details, symbols and represented people <a style=\"color: #000000;\" href=\"https:\/\/www.gnosart.com\/blog-1\/2026\/1\/27\/coastal-stories-mural-for-guadalupe-ca\" target=\"_blank\" rel=\"noopener\"><span style=\"color: #3366ff;\"> HERE:<\/span>\u00a0<\/a><\/span><br \/><br \/><span style=\"color: #000000;\">\ud83d\udd39\ufe0f WATCH a time-lapse video of me painting mural scenes. <span style=\"color: #3366ff;\"><a style=\"color: #3366ff;\" href=\"https:\/\/www.facebook.com\/colleengnosart\/posts\/pfbid0o3nabJtCmQNLyCR9A7qsGcqLo7RbjgTdpUmpneC6awuDBYw5g9dFTdc3EobpS1Hfl\" target=\"_blank\" rel=\"noopener\"> Here<\/a><\/span> and <a style=\"color: #000000;\" href=\"https:\/\/www.facebook.com\/watch\/?v=1249585923713057&amp;ref=sharing\" target=\"_blank\" rel=\"noopener\"><span style=\"color: #3366ff;\"> Here<\/span>.<\/a><\/span><br \/><br \/><span style=\"color: #000000;\">\ud83d\udd39\ufe0f WATCH our installation in this <span style=\"color: #3366ff;\"><a style=\"color: #3366ff;\" href=\"https:\/\/www.facebook.com\/colleen.gnos\/posts\/pfbid02U69bfRZKagWvtLhfA3MgtArr4uGE3ajeH4cgqLhbPLEV5bcASmr277vnUcccUF6bl\" target=\"_blank\" rel=\"noopener\"> time-lapse video<\/a><\/span><\/span><\/p>\n<p><span style=\"color: #000000;\"><\/span><\/p>\t\t\t\t\t\t\t\t<\/div>\n\t\t\t\t\t<\/div>\n\t\t\t\t<\/div>\n\t\t<div class=\"elementor-element elementor-element-9458447 e-flex e-con-boxed e-con e-parent\" data-id=\"9458447\" data-element_type=\"container\" data-e-type=\"container\">\n\t\t\t\t\t<div class=\"e-con-inner\">\n\t\t<div class=\"elementor-element elementor-element-1c0bdfb e-con-full e-flex e-con e-child\" data-id=\"1c0bdfb\" data-element_type=\"container\" data-e-type=\"container\">\n\t\t\t\t<div class=\"elementor-element elementor-element-b842842 elementor-widget elementor-widget-image\" data-id=\"b842842\" data-element_type=\"widget\" data-e-type=\"widget\" data-widget_type=\"image.default\">\n\t\t\t\t\t\t\t\t\t\t\t\t\t\t\t\t<a href=\"https:\/\/coastalstoriesguadalupe.org\/wp-content\/uploads\/2026\/01\/de7fd1a6-940b-f4f6-5c6c-0b2285f56daf.jpg\" data-elementor-open-lightbox=\"yes\" data-elementor-lightbox-title=\"de7fd1a6-940b-f4f6-5c6c-0b2285f56daf\" data-e-action-hash=\"#elementor-action%3Aaction%3Dlightbox%26settings%3DeyJpZCI6MjgyLCJ1cmwiOiJodHRwczpcL1wvY29hc3RhbHN0b3JpZXNndWFkYWx1cGUub3JnXC93cC1jb250ZW50XC91cGxvYWRzXC8yMDI2XC8wMVwvZGU3ZmQxYTYtOTQwYi1mNGY2LTVjNmMtMGIyMjg1ZjU2ZGFmLmpwZyJ9\">\n\t\t\t\t\t\t\t<img decoding=\"async\" width=\"1024\" height=\"1024\" src=\"https:\/\/coastalstoriesguadalupe.org\/wp-content\/uploads\/2026\/01\/de7fd1a6-940b-f4f6-5c6c-0b2285f56daf-1024x1024.jpg\" class=\"attachment-large size-large wp-image-282\" alt=\"\" srcset=\"https:\/\/coastalstoriesguadalupe.org\/wp-content\/uploads\/2026\/01\/de7fd1a6-940b-f4f6-5c6c-0b2285f56daf-1024x1024.jpg 1024w, https:\/\/coastalstoriesguadalupe.org\/wp-content\/uploads\/2026\/01\/de7fd1a6-940b-f4f6-5c6c-0b2285f56daf-300x300.jpg 300w, https:\/\/coastalstoriesguadalupe.org\/wp-content\/uploads\/2026\/01\/de7fd1a6-940b-f4f6-5c6c-0b2285f56daf-150x150.jpg 150w, https:\/\/coastalstoriesguadalupe.org\/wp-content\/uploads\/2026\/01\/de7fd1a6-940b-f4f6-5c6c-0b2285f56daf-768x768.jpg 768w, https:\/\/coastalstoriesguadalupe.org\/wp-content\/uploads\/2026\/01\/de7fd1a6-940b-f4f6-5c6c-0b2285f56daf-12x12.jpg 12w, https:\/\/coastalstoriesguadalupe.org\/wp-content\/uploads\/2026\/01\/de7fd1a6-940b-f4f6-5c6c-0b2285f56daf-600x600.jpg 600w, https:\/\/coastalstoriesguadalupe.org\/wp-content\/uploads\/2026\/01\/de7fd1a6-940b-f4f6-5c6c-0b2285f56daf.jpg 1200w\" sizes=\"(max-width: 1024px) 100vw, 1024px\" \/>\t\t\t\t\t\t\t\t<\/a>\n\t\t\t\t\t\t\t\t\t\t\t\t\t\t\t<\/div>\n\t\t\t\t<\/div>\n\t\t<div class=\"elementor-element elementor-element-1d30914 e-con-full e-flex e-con e-child\" data-id=\"1d30914\" data-element_type=\"container\" data-e-type=\"container\">\n\t\t\t\t<div class=\"elementor-element elementor-element-6276292 elementor-widget elementor-widget-image\" data-id=\"6276292\" data-element_type=\"widget\" data-e-type=\"widget\" data-widget_type=\"image.default\">\n\t\t\t\t\t\t\t\t\t\t\t\t\t\t\t\t<a href=\"https:\/\/coastalstoriesguadalupe.org\/wp-content\/uploads\/2026\/01\/5e4adf89-699d-f4b8-0738-c1c5a05b5d8e.jpg\" data-elementor-open-lightbox=\"yes\" data-elementor-lightbox-title=\"5e4adf89-699d-f4b8-0738-c1c5a05b5d8e\" data-e-action-hash=\"#elementor-action%3Aaction%3Dlightbox%26settings%3DeyJpZCI6Mjc4LCJ1cmwiOiJodHRwczpcL1wvY29hc3RhbHN0b3JpZXNndWFkYWx1cGUub3JnXC93cC1jb250ZW50XC91cGxvYWRzXC8yMDI2XC8wMVwvNWU0YWRmODktNjk5ZC1mNGI4LTA3MzgtYzFjNWEwNWI1ZDhlLmpwZyJ9\">\n\t\t\t\t\t\t\t<img decoding=\"async\" width=\"1024\" height=\"1024\" src=\"https:\/\/coastalstoriesguadalupe.org\/wp-content\/uploads\/2026\/01\/5e4adf89-699d-f4b8-0738-c1c5a05b5d8e-1024x1024.jpg\" class=\"attachment-large size-large wp-image-278\" alt=\"\" srcset=\"https:\/\/coastalstoriesguadalupe.org\/wp-content\/uploads\/2026\/01\/5e4adf89-699d-f4b8-0738-c1c5a05b5d8e-1024x1024.jpg 1024w, https:\/\/coastalstoriesguadalupe.org\/wp-content\/uploads\/2026\/01\/5e4adf89-699d-f4b8-0738-c1c5a05b5d8e-300x300.jpg 300w, https:\/\/coastalstoriesguadalupe.org\/wp-content\/uploads\/2026\/01\/5e4adf89-699d-f4b8-0738-c1c5a05b5d8e-150x150.jpg 150w, https:\/\/coastalstoriesguadalupe.org\/wp-content\/uploads\/2026\/01\/5e4adf89-699d-f4b8-0738-c1c5a05b5d8e-768x768.jpg 768w, https:\/\/coastalstoriesguadalupe.org\/wp-content\/uploads\/2026\/01\/5e4adf89-699d-f4b8-0738-c1c5a05b5d8e-12x12.jpg 12w, https:\/\/coastalstoriesguadalupe.org\/wp-content\/uploads\/2026\/01\/5e4adf89-699d-f4b8-0738-c1c5a05b5d8e-600x600.jpg 600w, https:\/\/coastalstoriesguadalupe.org\/wp-content\/uploads\/2026\/01\/5e4adf89-699d-f4b8-0738-c1c5a05b5d8e.jpg 1200w\" sizes=\"(max-width: 1024px) 100vw, 1024px\" \/>\t\t\t\t\t\t\t\t<\/a>\n\t\t\t\t\t\t\t\t\t\t\t\t\t\t\t<\/div>\n\t\t\t\t<\/div>\n\t\t\t\t\t<\/div>\n\t\t\t\t<\/div>\n\t\t<div class=\"elementor-element elementor-element-5837cab e-flex e-con-boxed e-con e-parent\" data-id=\"5837cab\" data-element_type=\"container\" data-e-type=\"container\">\n\t\t\t\t\t<div class=\"e-con-inner\">\n\t\t\t\t<div class=\"elementor-element elementor-element-847af37 elementor-widget elementor-widget-text-editor\" data-id=\"847af37\" data-element_type=\"widget\" data-e-type=\"widget\" data-widget_type=\"text-editor.default\">\n\t\t\t\t\t\t\t\t\t<p><span style=\"color: #000000;\"><\/span><\/p>\n<p><span style=\"color: #000000;\">Wall prep and priming day for Coastal Stories mural painted on polytab. We knocked the peaks off the stucco after the city of Guadalupe pressure washed and bleached the lichen off the wall. Primed it, filled gaps with patching compound, primed it again. This wall is ready for a mural! <\/span><\/p>\n<p><span style=\"color: #000000;\"><\/span><\/p>\t\t\t\t\t\t\t\t<\/div>\n\t\t\t\t\t<\/div>\n\t\t\t\t<\/div>\n\t\t<div class=\"elementor-element elementor-element-0f04b7f e-flex e-con-boxed e-con e-parent\" data-id=\"0f04b7f\" data-element_type=\"container\" data-e-type=\"container\">\n\t\t\t\t\t<div class=\"e-con-inner\">\n\t\t<div class=\"elementor-element elementor-element-cda8a46 e-con-full e-flex e-con e-child\" data-id=\"cda8a46\" data-element_type=\"container\" data-e-type=\"container\">\n\t\t\t\t<div class=\"elementor-element elementor-element-3339e72 elementor-widget elementor-widget-image\" data-id=\"3339e72\" data-element_type=\"widget\" data-e-type=\"widget\" data-widget_type=\"image.default\">\n\t\t\t\t\t\t\t\t\t\t\t\t\t\t\t\t<a href=\"https:\/\/coastalstoriesguadalupe.org\/wp-content\/uploads\/2026\/01\/195ec49c-6f59-bb3b-3015-ee1d215f7210-scaled.jpg\" data-elementor-open-lightbox=\"yes\" data-elementor-lightbox-title=\"195ec49c-6f59-bb3b-3015-ee1d215f7210\" data-e-action-hash=\"#elementor-action%3Aaction%3Dlightbox%26settings%3DeyJpZCI6MjgxLCJ1cmwiOiJodHRwczpcL1wvY29hc3RhbHN0b3JpZXNndWFkYWx1cGUub3JnXC93cC1jb250ZW50XC91cGxvYWRzXC8yMDI2XC8wMVwvMTk1ZWM0OWMtNmY1OS1iYjNiLTMwMTUtZWUxZDIxNWY3MjEwLXNjYWxlZC5qcGcifQ%3D%3D\">\n\t\t\t\t\t\t\t<img loading=\"lazy\" decoding=\"async\" width=\"1024\" height=\"768\" src=\"https:\/\/coastalstoriesguadalupe.org\/wp-content\/uploads\/2026\/01\/195ec49c-6f59-bb3b-3015-ee1d215f7210-1024x768.jpg\" class=\"attachment-large size-large wp-image-281\" alt=\"\" srcset=\"https:\/\/coastalstoriesguadalupe.org\/wp-content\/uploads\/2026\/01\/195ec49c-6f59-bb3b-3015-ee1d215f7210-1024x768.jpg 1024w, https:\/\/coastalstoriesguadalupe.org\/wp-content\/uploads\/2026\/01\/195ec49c-6f59-bb3b-3015-ee1d215f7210-300x225.jpg 300w, https:\/\/coastalstoriesguadalupe.org\/wp-content\/uploads\/2026\/01\/195ec49c-6f59-bb3b-3015-ee1d215f7210-768x576.jpg 768w, https:\/\/coastalstoriesguadalupe.org\/wp-content\/uploads\/2026\/01\/195ec49c-6f59-bb3b-3015-ee1d215f7210-1536x1152.jpg 1536w, https:\/\/coastalstoriesguadalupe.org\/wp-content\/uploads\/2026\/01\/195ec49c-6f59-bb3b-3015-ee1d215f7210-2048x1536.jpg 2048w, https:\/\/coastalstoriesguadalupe.org\/wp-content\/uploads\/2026\/01\/195ec49c-6f59-bb3b-3015-ee1d215f7210-16x12.jpg 16w\" sizes=\"(max-width: 1024px) 100vw, 1024px\" \/>\t\t\t\t\t\t\t\t<\/a>\n\t\t\t\t\t\t\t\t\t\t\t\t\t\t\t<\/div>\n\t\t\t\t<\/div>\n\t\t<div class=\"elementor-element elementor-element-0b2ef49 e-con-full e-flex e-con e-child\" data-id=\"0b2ef49\" data-element_type=\"container\" data-e-type=\"container\">\n\t\t\t\t<div class=\"elementor-element elementor-element-d409d5f elementor-widget elementor-widget-image\" data-id=\"d409d5f\" data-element_type=\"widget\" data-e-type=\"widget\" data-widget_type=\"image.default\">\n\t\t\t\t\t\t\t\t\t\t\t\t\t\t\t\t<a href=\"https:\/\/coastalstoriesguadalupe.org\/wp-content\/uploads\/2026\/01\/e46af21a-d57f-c76c-7c51-43ae824cf69f.jpg\" data-elementor-open-lightbox=\"yes\" data-elementor-lightbox-title=\"e46af21a-d57f-c76c-7c51-43ae824cf69f\" data-e-action-hash=\"#elementor-action%3Aaction%3Dlightbox%26settings%3DeyJpZCI6MjgzLCJ1cmwiOiJodHRwczpcL1wvY29hc3RhbHN0b3JpZXNndWFkYWx1cGUub3JnXC93cC1jb250ZW50XC91cGxvYWRzXC8yMDI2XC8wMVwvZTQ2YWYyMWEtZDU3Zi1jNzZjLTdjNTEtNDNhZTgyNGNmNjlmLmpwZyJ9\">\n\t\t\t\t\t\t\t<img loading=\"lazy\" decoding=\"async\" width=\"1024\" height=\"768\" src=\"https:\/\/coastalstoriesguadalupe.org\/wp-content\/uploads\/2026\/01\/e46af21a-d57f-c76c-7c51-43ae824cf69f-1024x768.jpg\" class=\"attachment-large size-large wp-image-283\" alt=\"\" srcset=\"https:\/\/coastalstoriesguadalupe.org\/wp-content\/uploads\/2026\/01\/e46af21a-d57f-c76c-7c51-43ae824cf69f-1024x768.jpg 1024w, https:\/\/coastalstoriesguadalupe.org\/wp-content\/uploads\/2026\/01\/e46af21a-d57f-c76c-7c51-43ae824cf69f-300x225.jpg 300w, https:\/\/coastalstoriesguadalupe.org\/wp-content\/uploads\/2026\/01\/e46af21a-d57f-c76c-7c51-43ae824cf69f-768x576.jpg 768w, https:\/\/coastalstoriesguadalupe.org\/wp-content\/uploads\/2026\/01\/e46af21a-d57f-c76c-7c51-43ae824cf69f-16x12.jpg 16w, https:\/\/coastalstoriesguadalupe.org\/wp-content\/uploads\/2026\/01\/e46af21a-d57f-c76c-7c51-43ae824cf69f.jpg 1200w\" sizes=\"(max-width: 1024px) 100vw, 1024px\" \/>\t\t\t\t\t\t\t\t<\/a>\n\t\t\t\t\t\t\t\t\t\t\t\t\t\t\t<\/div>\n\t\t\t\t<\/div>\n\t\t\t\t\t<\/div>\n\t\t\t\t<\/div>\n\t\t<div class=\"elementor-element elementor-element-db21b9e e-flex e-con-boxed e-con e-parent\" data-id=\"db21b9e\" data-element_type=\"container\" data-e-type=\"container\">\n\t\t\t\t\t<div class=\"e-con-inner\">\n\t\t\t\t<div class=\"elementor-element elementor-element-212fd9e elementor-widget elementor-widget-text-editor\" data-id=\"212fd9e\" data-element_type=\"widget\" data-e-type=\"widget\" data-widget_type=\"text-editor.default\">\n\t\t\t\t\t\t\t\t\t<p><span style=\"color: #000000;\"><\/span><\/p>\n<p><span style=\"color: #000000;\">Wall prep and priming day for Coastal Stories mural painted on polytab. We knocked the peaks off the stucco after the city of Guadalupe pressure washed and bleached the lichen off the wall. Primed it, filled gaps with patching compound, primed it again. This wall is ready for a mural! <\/span><\/p>\n<p><span style=\"color: #000000;\"><\/span><\/p>\t\t\t\t\t\t\t\t<\/div>\n\t\t\t\t\t<\/div>\n\t\t\t\t<\/div>\n\t\t<div class=\"elementor-element elementor-element-d7ecac3 e-flex e-con-boxed e-con e-parent\" data-id=\"d7ecac3\" data-element_type=\"container\" data-e-type=\"container\">\n\t\t\t\t\t<div class=\"e-con-inner\">\n\t\t\t\t<div class=\"elementor-element elementor-element-be703a5 elementor-widget elementor-widget-image\" data-id=\"be703a5\" data-element_type=\"widget\" data-e-type=\"widget\" data-widget_type=\"image.default\">\n\t\t\t\t\t\t\t\t\t\t\t\t\t\t\t\t<a href=\"https:\/\/coastalstoriesguadalupe.org\/wp-content\/uploads\/2026\/01\/8ef0a466-132f-0c45-6a38-9f8476e7749c.png\" data-elementor-open-lightbox=\"yes\" data-elementor-lightbox-title=\"8ef0a466-132f-0c45-6a38-9f8476e7749c\" data-e-action-hash=\"#elementor-action%3Aaction%3Dlightbox%26settings%3DeyJpZCI6MjgwLCJ1cmwiOiJodHRwczpcL1wvY29hc3RhbHN0b3JpZXNndWFkYWx1cGUub3JnXC93cC1jb250ZW50XC91cGxvYWRzXC8yMDI2XC8wMVwvOGVmMGE0NjYtMTMyZi0wYzQ1LTZhMzgtOWY4NDc2ZTc3NDljLnBuZyJ9\">\n\t\t\t\t\t\t\t<img loading=\"lazy\" decoding=\"async\" width=\"1024\" height=\"576\" src=\"https:\/\/coastalstoriesguadalupe.org\/wp-content\/uploads\/2026\/01\/8ef0a466-132f-0c45-6a38-9f8476e7749c-1024x576.png\" class=\"attachment-large size-large wp-image-280\" alt=\"\" srcset=\"https:\/\/coastalstoriesguadalupe.org\/wp-content\/uploads\/2026\/01\/8ef0a466-132f-0c45-6a38-9f8476e7749c-1024x576.png 1024w, https:\/\/coastalstoriesguadalupe.org\/wp-content\/uploads\/2026\/01\/8ef0a466-132f-0c45-6a38-9f8476e7749c-300x169.png 300w, https:\/\/coastalstoriesguadalupe.org\/wp-content\/uploads\/2026\/01\/8ef0a466-132f-0c45-6a38-9f8476e7749c-768x432.png 768w, https:\/\/coastalstoriesguadalupe.org\/wp-content\/uploads\/2026\/01\/8ef0a466-132f-0c45-6a38-9f8476e7749c-18x10.png 18w, https:\/\/coastalstoriesguadalupe.org\/wp-content\/uploads\/2026\/01\/8ef0a466-132f-0c45-6a38-9f8476e7749c-800x450.png 800w, https:\/\/coastalstoriesguadalupe.org\/wp-content\/uploads\/2026\/01\/8ef0a466-132f-0c45-6a38-9f8476e7749c.png 1200w\" sizes=\"(max-width: 1024px) 100vw, 1024px\" \/>\t\t\t\t\t\t\t\t<\/a>\n\t\t\t\t\t\t\t\t\t\t\t\t\t\t\t<\/div>\n\t\t\t\t\t<\/div>\n\t\t\t\t<\/div>\n\t\t\t\t<\/div>","protected":false},"excerpt":{"rendered":"<p>The Coastal Stories &#8211; Guadalupe Dunes Mural The Coastal Stories &#8211; Guadalupe Dunes Mural was a labor of love by renowned local muralist, Colleen Gnos.\u00a0 Colleen was selected from a broad and talented pool of artists to design and paint the mural which is featured on the wall at the corner of West Main Street [&hellip;]<\/p>\n","protected":false},"author":1,"featured_media":0,"parent":0,"menu_order":0,"comment_status":"closed","ping_status":"open","template":"","meta":{"ocean_post_layout":"full-width","ocean_both_sidebars_style":"","ocean_both_sidebars_content_width":0,"ocean_both_sidebars_sidebars_width":0,"ocean_sidebar":"","ocean_second_sidebar":"","ocean_disable_margins":"enable","ocean_add_body_class":"","ocean_shortcode_before_top_bar":"","ocean_shortcode_after_top_bar":"","ocean_shortcode_before_header":"","ocean_shortcode_after_header":"","ocean_has_shortcode":"","ocean_shortcode_after_title":"","ocean_shortcode_before_footer_widgets":"","ocean_shortcode_after_footer_widgets":"","ocean_shortcode_before_footer_bottom":"","ocean_shortcode_after_footer_bottom":"","ocean_display_top_bar":"default","ocean_display_header":"default","ocean_header_style":"","ocean_center_header_left_menu":"","ocean_custom_header_template":"","ocean_custom_logo":0,"ocean_custom_retina_logo":0,"ocean_custom_logo_max_width":0,"ocean_custom_logo_tablet_max_width":0,"ocean_custom_logo_mobile_max_width":0,"ocean_custom_logo_max_height":0,"ocean_custom_logo_tablet_max_height":0,"ocean_custom_logo_mobile_max_height":0,"ocean_header_custom_menu":"","ocean_menu_typo_font_family":"","ocean_menu_typo_font_subset":"","ocean_menu_typo_font_size":0,"ocean_menu_typo_font_size_tablet":0,"ocean_menu_typo_font_size_mobile":0,"ocean_menu_typo_font_size_unit":"px","ocean_menu_typo_font_weight":"","ocean_menu_typo_font_weight_tablet":"","ocean_menu_typo_font_weight_mobile":"","ocean_menu_typo_transform":"","ocean_menu_typo_transform_tablet":"","ocean_menu_typo_transform_mobile":"","ocean_menu_typo_line_height":0,"ocean_menu_typo_line_height_tablet":0,"ocean_menu_typo_line_height_mobile":0,"ocean_menu_typo_line_height_unit":"","ocean_menu_typo_spacing":0,"ocean_menu_typo_spacing_tablet":0,"ocean_menu_typo_spacing_mobile":0,"ocean_menu_typo_spacing_unit":"","ocean_menu_link_color":"","ocean_menu_link_color_hover":"","ocean_menu_link_color_active":"","ocean_menu_link_background":"","ocean_menu_link_hover_background":"","ocean_menu_link_active_background":"","ocean_menu_social_links_bg":"","ocean_menu_social_hover_links_bg":"","ocean_menu_social_links_color":"","ocean_menu_social_hover_links_color":"","ocean_disable_title":"on","ocean_disable_heading":"default","ocean_post_title":"","ocean_post_subheading":"","ocean_post_title_style":"","ocean_post_title_background_color":"","ocean_post_title_background":0,"ocean_post_title_bg_image_position":"","ocean_post_title_bg_image_attachment":"","ocean_post_title_bg_image_repeat":"","ocean_post_title_bg_image_size":"","ocean_post_title_height":0,"ocean_post_title_bg_overlay":0.5,"ocean_post_title_bg_overlay_color":"","ocean_disable_breadcrumbs":"default","ocean_breadcrumbs_color":"","ocean_breadcrumbs_separator_color":"","ocean_breadcrumbs_links_color":"","ocean_breadcrumbs_links_hover_color":"","ocean_display_footer_widgets":"default","ocean_display_footer_bottom":"default","ocean_custom_footer_template":"","footnotes":""},"class_list":["post-40","page","type-page","status-publish","hentry","entry"],"_links":{"self":[{"href":"https:\/\/coastalstoriesguadalupe.org\/es\/wp-json\/wp\/v2\/pages\/40","targetHints":{"allow":["GET"]}}],"collection":[{"href":"https:\/\/coastalstoriesguadalupe.org\/es\/wp-json\/wp\/v2\/pages"}],"about":[{"href":"https:\/\/coastalstoriesguadalupe.org\/es\/wp-json\/wp\/v2\/types\/page"}],"author":[{"embeddable":true,"href":"https:\/\/coastalstoriesguadalupe.org\/es\/wp-json\/wp\/v2\/users\/1"}],"replies":[{"embeddable":true,"href":"https:\/\/coastalstoriesguadalupe.org\/es\/wp-json\/wp\/v2\/comments?post=40"}],"version-history":[{"count":28,"href":"https:\/\/coastalstoriesguadalupe.org\/es\/wp-json\/wp\/v2\/pages\/40\/revisions"}],"predecessor-version":[{"id":289,"href":"https:\/\/coastalstoriesguadalupe.org\/es\/wp-json\/wp\/v2\/pages\/40\/revisions\/289"}],"wp:attachment":[{"href":"https:\/\/coastalstoriesguadalupe.org\/es\/wp-json\/wp\/v2\/media?parent=40"}],"curies":[{"name":"wp","href":"https:\/\/api.w.org\/{rel}","templated":true}]}}