{"id":48,"date":"2025-11-01T19:29:47","date_gmt":"2025-11-02T02:29:47","guid":{"rendered":"https:\/\/coastalstoriesguadalupe.org\/?page_id=48"},"modified":"2025-11-01T19:35:05","modified_gmt":"2025-11-02T02:35:05","slug":"the-artist","status":"publish","type":"page","link":"https:\/\/coastalstoriesguadalupe.org\/es\/the-artist\/","title":{"rendered":"La artista"},"content":{"rendered":"<div data-elementor-type=\"wp-page\" data-elementor-id=\"48\" class=\"elementor elementor-48\">\n\t\t\t\t<div class=\"elementor-element elementor-element-6e668e86 e-flex e-con-boxed e-con e-parent\" data-id=\"6e668e86\" data-element_type=\"container\" data-e-type=\"container\">\n\t\t\t\t\t<div class=\"e-con-inner\">\n\t\t\t\t<div class=\"elementor-element elementor-element-7a454eb elementor-widget elementor-widget-heading\" data-id=\"7a454eb\" data-element_type=\"widget\" data-e-type=\"widget\" data-widget_type=\"heading.default\">\n\t\t\t\t\t<h2 class=\"elementor-heading-title elementor-size-default\">La artista: la muralista Colleen Gnos<\/h2>\t\t\t\t<\/div>\n\t\t\t\t<div class=\"elementor-element elementor-element-e514369 elementor-widget elementor-widget-text-editor\" data-id=\"e514369\" data-element_type=\"widget\" data-e-type=\"widget\" data-widget_type=\"text-editor.default\">\n\t\t\t\t\t\t\t\t\t<p><span style=\"color: #000000;\"><\/span><\/p>\n<p class=\"\"><span style=\"color: #000000;\"><img fetchpriority=\"high\" decoding=\"async\" class=\"alignright wp-image-51\" src=\"https:\/\/coastalstoriesguadalupe.org\/wp-content\/uploads\/2025\/11\/colleen-gnos-822x1024.jpg\" alt=\"\" width=\"500\" height=\"623\" srcset=\"https:\/\/coastalstoriesguadalupe.org\/wp-content\/uploads\/2025\/11\/colleen-gnos-822x1024.jpg 822w, https:\/\/coastalstoriesguadalupe.org\/wp-content\/uploads\/2025\/11\/colleen-gnos-241x300.jpg 241w, https:\/\/coastalstoriesguadalupe.org\/wp-content\/uploads\/2025\/11\/colleen-gnos-768x957.jpg 768w, https:\/\/coastalstoriesguadalupe.org\/wp-content\/uploads\/2025\/11\/colleen-gnos.jpg 963w\" sizes=\"(max-width: 500px) 100vw, 500px\" \/>La artista Colleen Gnos, de Shell Beach, es conocida en la costa central de California por sus sirenas con escamas doradas pintadas en tablas de surf y por sus id\u00edlicas escenas de surfistas y olas rompiendo. Las historias de su abuelo portugu\u00e9s, que manejaba un remolcador en Avila Beach, California, buceaba en busca de abulones y entrenaba a buzos de la marina en la d\u00e9cada de 1930, influyeron profundamente en la fascinaci\u00f3n de Colleen por el mar. En las \u00faltimas d\u00e9cadas, Colleen ha ilustrado tablas de surf para surfistas y fabricantes de tablas de renombre, y ha expuesto sus pinturas en Estados Unidos e Italia. Ha realizado m\u00e1s de 100 encargos de pinturas originales para coleccionistas privados.<\/span><\/p>\n<p class=\"\"><span style=\"color: #000000;\">La vocaci\u00f3n de Colleen como artista pl\u00e1stica, muralista y escultora comenz\u00f3 a gestarse en su adolescencia, experimentando con acr\u00edlicos y \u00f3leos. A sus veinte a\u00f1os, estudi\u00f3 pintura y dibujo en la Universidad de California en Santa Cruz antes de mudarse a Florencia, Italia, durante un a\u00f1o. All\u00ed, estudi\u00f3 dibujo de figura humana, pintura, grabado y escultura en la Accademia di Belle Arti, una escuela de arte fundada por Miguel \u00c1ngel Buonarroti.<\/span><\/p>\n<p class=\"\"><span style=\"color: #000000;\">Desde sus tiempos de estudiante, Colleen ha pintado grandes telones teatrales para obras de teatro, conciertos y convenciones. Uno de sus trabajos m\u00e1s memorables fue un tel\u00f3n con un cielo al estilo de Tiepolo y esculturas cl\u00e1sicas para la obra Tartuffe en el La Jolla Playhouse de San Diego, California, protagonizada por Jim Parsons. Durante m\u00e1s de 20 a\u00f1os, ha aceptado encargos de murales para empresas y residencias privadas en todo el pa\u00eds. Entre ellos se incluyen un mural independiente de 6 x 6 metros con la figura de un granjero y su perro en un huerto de almendros en Dixon, California; ocho murales intercambiables en dos torres de salvavidas en Avila Beach, California; un mural de 278 metros cuadrados con columnas de m\u00e1rmol tridimensionales y altares de filigrana en el interior de la Iglesia Cat\u00f3lica de San Pedro en Dixon, California; y un mural de 12 x 18 metros en la fachada de una planta de fertilizantes en Woodland, California. Este \u00faltimo sirvi\u00f3 como un emotivo homenaje a la agricultura y representa a su padre, un agricultor de tomates, levantando un pu\u00f1ado de tierra hacia el sol de la ma\u00f1ana.<\/span><\/p>\n<p class=\"\"><span style=\"color: #000000;\">Desde 1999, Kelsey See Canyon Vineyards, cerca de Avila Beach, California, ha encargado a Colleen el dise\u00f1o de m\u00e1s de 100 etiquetas de vino. El letrero principal de la bodega muestra una ilustraci\u00f3n de Colleen de un viejo Ford saliendo del huerto de manzanos de la familia, con pavos reales pavone\u00e1ndose en primer plano. La sala de degustaci\u00f3n de la bodega exhibe gran parte de su obra con tem\u00e1tica marina.<\/span><\/p>\n<p class=\"\"><span style=\"color: #000000;\">Tras luchar contra una rara forma de linfoma \u00f3seo en 2013 y recibir el alta m\u00e9dica un a\u00f1o despu\u00e9s, Colleen se sinti\u00f3 inmensamente agradecida y llena de esperanza. Retom\u00f3 su vida y pronto esta se llen\u00f3 de encargos de arte, exposiciones y trabajos de dise\u00f1o gr\u00e1fico; las actividades de sus dos hijos peque\u00f1os y su marido, que dirige su propia banda; la ense\u00f1anza de arte a ni\u00f1os en edad escolar; el apoyo a supervivientes de c\u00e1ncer de su comunidad; y la pr\u00e1ctica de surf todas las semanas. A pesar de esta vida tan ajetreada, quer\u00eda incorporar m\u00e1s m\u00fasica, as\u00ed que ese mismo a\u00f1o empez\u00f3 a tocar el contrabajo.<\/span><\/p>\n<p class=\"\"><span style=\"color: #000000;\">Colleen fue elegida la \"Mejor Artista Visual\" del condado de San Luis Obispo en seis ocasiones. En 2019, gan\u00f3 un concurso de arte p\u00fablico y cre\u00f3 e instal\u00f3 dos grandes murales para el Discovery Park del Acuario de la Costa Central en Avila Beach. En 2020, instal\u00f3 un mural conmemorativo de 18 metros en la escuela secundaria Dixon, en homenaje a tres estudiantes y un profesor que fallecieron el a\u00f1o anterior. En 2022, Colleen instal\u00f3 un mural con una escena submarina en la cl\u00ednica dental Pismo Beach Dentistry en Pismo Beach, California.<\/span><br \/><span style=\"color: #000000;\">Instal\u00f3 un mural gigante independiente de 20x20 pies a lo largo de la Interestatal 80. Su autorretrato apareci\u00f3 en la portada de la revista Bass World en marzo de 2018. En 2017, instal\u00f3 una serie de 8 murales en dos torres de salvavidas en Avila Beach, que fueron votados como el \"Mejor Proyecto de Arte P\u00fablico\" del Condado de San Luis Obispo. En julio de 2017, fue invitada a exponer en el Centro de Arte de Huntington Beach para una exposici\u00f3n monumental titulada \"Mujeres del Surf, Arte e Historia\". Colleen tambi\u00e9n fue nombrada una de las nueve \"Mujeres que Marcan la Diferencia en 2017\", junto con ocho cient\u00edficas, activistas y educadoras, y fue seleccionada como la artista del cartel del Festival de M\u00fasica Live Oak de 2016.<\/span><\/p>\n<p><span style=\"color: #000000;\"><\/span><\/p>\t\t\t\t\t\t\t\t<\/div>\n\t\t\t\t\t<\/div>\n\t\t\t\t<\/div>\n\t\t\t\t<\/div>","protected":false},"excerpt":{"rendered":"<p>The Artist: Muralist, Colleen Gnos Shell Beach artist, Colleen Gnos, is best known on the Central Coast of California for her gold-scaled mermaids painted on surfboards or her idyllic scenes of surfers and breaking waves. Stories of her Portuguese grandfather running a tugboat out of Avila Beach, CA, diving for abalone, and training navy divers [&hellip;]<\/p>\n","protected":false},"author":1,"featured_media":0,"parent":0,"menu_order":0,"comment_status":"closed","ping_status":"open","template":"","meta":{"ocean_post_layout":"full-width","ocean_both_sidebars_style":"","ocean_both_sidebars_content_width":0,"ocean_both_sidebars_sidebars_width":0,"ocean_sidebar":"","ocean_second_sidebar":"","ocean_disable_margins":"enable","ocean_add_body_class":"","ocean_shortcode_before_top_bar":"","ocean_shortcode_after_top_bar":"","ocean_shortcode_before_header":"","ocean_shortcode_after_header":"","ocean_has_shortcode":"","ocean_shortcode_after_title":"","ocean_shortcode_before_footer_widgets":"","ocean_shortcode_after_footer_widgets":"","ocean_shortcode_before_footer_bottom":"","ocean_shortcode_after_footer_bottom":"","ocean_display_top_bar":"default","ocean_display_header":"default","ocean_header_style":"","ocean_center_header_left_menu":"","ocean_custom_header_template":"","ocean_custom_logo":0,"ocean_custom_retina_logo":0,"ocean_custom_logo_max_width":0,"ocean_custom_logo_tablet_max_width":0,"ocean_custom_logo_mobile_max_width":0,"ocean_custom_logo_max_height":0,"ocean_custom_logo_tablet_max_height":0,"ocean_custom_logo_mobile_max_height":0,"ocean_header_custom_menu":"","ocean_menu_typo_font_family":"","ocean_menu_typo_font_subset":"","ocean_menu_typo_font_size":0,"ocean_menu_typo_font_size_tablet":0,"ocean_menu_typo_font_size_mobile":0,"ocean_menu_typo_font_size_unit":"px","ocean_menu_typo_font_weight":"","ocean_menu_typo_font_weight_tablet":"","ocean_menu_typo_font_weight_mobile":"","ocean_menu_typo_transform":"","ocean_menu_typo_transform_tablet":"","ocean_menu_typo_transform_mobile":"","ocean_menu_typo_line_height":0,"ocean_menu_typo_line_height_tablet":0,"ocean_menu_typo_line_height_mobile":0,"ocean_menu_typo_line_height_unit":"","ocean_menu_typo_spacing":0,"ocean_menu_typo_spacing_tablet":0,"ocean_menu_typo_spacing_mobile":0,"ocean_menu_typo_spacing_unit":"","ocean_menu_link_color":"","ocean_menu_link_color_hover":"","ocean_menu_link_color_active":"","ocean_menu_link_background":"","ocean_menu_link_hover_background":"","ocean_menu_link_active_background":"","ocean_menu_social_links_bg":"","ocean_menu_social_hover_links_bg":"","ocean_menu_social_links_color":"","ocean_menu_social_hover_links_color":"","ocean_disable_title":"on","ocean_disable_heading":"default","ocean_post_title":"","ocean_post_subheading":"","ocean_post_title_style":"","ocean_post_title_background_color":"","ocean_post_title_background":0,"ocean_post_title_bg_image_position":"","ocean_post_title_bg_image_attachment":"","ocean_post_title_bg_image_repeat":"","ocean_post_title_bg_image_size":"","ocean_post_title_height":0,"ocean_post_title_bg_overlay":0.5,"ocean_post_title_bg_overlay_color":"","ocean_disable_breadcrumbs":"default","ocean_breadcrumbs_color":"","ocean_breadcrumbs_separator_color":"","ocean_breadcrumbs_links_color":"","ocean_breadcrumbs_links_hover_color":"","ocean_display_footer_widgets":"default","ocean_display_footer_bottom":"default","ocean_custom_footer_template":"","footnotes":""},"class_list":["post-48","page","type-page","status-publish","hentry","entry"],"_links":{"self":[{"href":"https:\/\/coastalstoriesguadalupe.org\/es\/wp-json\/wp\/v2\/pages\/48","targetHints":{"allow":["GET"]}}],"collection":[{"href":"https:\/\/coastalstoriesguadalupe.org\/es\/wp-json\/wp\/v2\/pages"}],"about":[{"href":"https:\/\/coastalstoriesguadalupe.org\/es\/wp-json\/wp\/v2\/types\/page"}],"author":[{"embeddable":true,"href":"https:\/\/coastalstoriesguadalupe.org\/es\/wp-json\/wp\/v2\/users\/1"}],"replies":[{"embeddable":true,"href":"https:\/\/coastalstoriesguadalupe.org\/es\/wp-json\/wp\/v2\/comments?post=48"}],"version-history":[{"count":7,"href":"https:\/\/coastalstoriesguadalupe.org\/es\/wp-json\/wp\/v2\/pages\/48\/revisions"}],"predecessor-version":[{"id":57,"href":"https:\/\/coastalstoriesguadalupe.org\/es\/wp-json\/wp\/v2\/pages\/48\/revisions\/57"}],"wp:attachment":[{"href":"https:\/\/coastalstoriesguadalupe.org\/es\/wp-json\/wp\/v2\/media?parent=48"}],"curies":[{"name":"wp","href":"https:\/\/api.w.org\/{rel}","templated":true}]}}