{"id":58,"date":"2025-11-01T19:35:36","date_gmt":"2025-11-02T02:35:36","guid":{"rendered":"https:\/\/coastalstoriesguadalupe.org\/?page_id=58"},"modified":"2026-01-26T20:41:51","modified_gmt":"2026-01-27T04:41:51","slug":"the-director","status":"publish","type":"page","link":"https:\/\/coastalstoriesguadalupe.org\/es\/the-director\/","title":{"rendered":"El director"},"content":{"rendered":"<div data-elementor-type=\"wp-page\" data-elementor-id=\"58\" class=\"elementor elementor-58\">\n\t\t\t\t<div class=\"elementor-element elementor-element-6e668e86 e-flex e-con-boxed e-con e-parent\" data-id=\"6e668e86\" data-element_type=\"container\" data-e-type=\"container\">\n\t\t\t\t\t<div class=\"e-con-inner\">\n\t\t\t\t<div class=\"elementor-element elementor-element-7a454eb elementor-widget elementor-widget-heading\" data-id=\"7a454eb\" data-element_type=\"widget\" data-e-type=\"widget\" data-widget_type=\"heading.default\">\n\t\t\t\t\t<h2 class=\"elementor-heading-title elementor-size-default\">El director: Chachi Ram\u00edrez<\/h2>\t\t\t\t<\/div>\n\t\t\t\t<div class=\"elementor-element elementor-element-e514369 elementor-widget elementor-widget-text-editor\" data-id=\"e514369\" data-element_type=\"widget\" data-e-type=\"widget\" data-widget_type=\"text-editor.default\">\n\t\t\t\t\t\t\t\t\t<p><span style=\"color: #000000;\"><\/span><\/p>\n<p class=\"\"><span style=\"color: #000000;\" data-wp-editing=\"1\"><a href=\"https:\/\/coastalstoriesguadalupe.org\/wp-content\/uploads\/2026\/01\/IMG_4859.jpeg\"><img fetchpriority=\"high\" decoding=\"async\" class=\"alignright wp-image-220 size-medium\" src=\"https:\/\/coastalstoriesguadalupe.org\/wp-content\/uploads\/2026\/01\/IMG_4859-283x300.jpeg\" alt=\"\" width=\"283\" height=\"300\" srcset=\"https:\/\/coastalstoriesguadalupe.org\/wp-content\/uploads\/2026\/01\/IMG_4859-283x300.jpeg 283w, https:\/\/coastalstoriesguadalupe.org\/wp-content\/uploads\/2026\/01\/IMG_4859-11x12.jpeg 11w, https:\/\/coastalstoriesguadalupe.org\/wp-content\/uploads\/2026\/01\/IMG_4859.jpeg 684w\" sizes=\"(max-width: 283px) 100vw, 283px\" \/><\/a><\/span><\/p>\n<div>\n<p><span style=\"color: #000000;\">Chachi Ram\u00edrez es cineasta, director y productor que, de alguna manera, cambi\u00f3 el ajetreo de Hollywood por los atardeceres de la Costa Central, y nunca se arrepinti\u00f3. Despu\u00e9s de dos d\u00e9cadas trabajando en proyectos galardonados en Los \u00c1ngeles, Chachi ahora dirige...<span class=\"gmail-Apple-converted-space\">\u00a0<\/span><strong>Ante y pomada<\/strong>Es una productora con sede en la costa central de California que aporta experiencia de las grandes ciudades y un estilo cinematogr\u00e1fico impecable a clientes e historias de todo el mundo. Desde contenido de marca y documentales hasta narrativas inmersivas y cinematogr\u00e1ficas, su trabajo combina t\u00e9cnica, pasi\u00f3n y la dosis justa de audacia para mantener el inter\u00e9s del p\u00fablico.<\/span><\/p>\n<p><span style=\"color: #000000;\">Criado en un peque\u00f1o pueblo en el extremo sur de Texas, Chachi creci\u00f3 frecuentando los estudios de televisi\u00f3n gracias a su padre, presentador de noticias de NBC, aprendiendo desde joven que las historias importan, las c\u00e1maras son m\u00e1gicas y los plazos son ineludibles. Despu\u00e9s de la secundaria, se mud\u00f3 a Santa Cruz, donde se inici\u00f3 como fot\u00f3grafo y vide\u00f3grafo independiente antes de que la demanda lo llevara a Los \u00c1ngeles. All\u00ed produjo pel\u00edculas independientes, dirigi\u00f3 equipos de producci\u00f3n y colabor\u00f3 \u200b\u200ben proyectos innovadores, incluyendo su participaci\u00f3n como documentalista en la instalaci\u00f3n de realidad virtual ganadora del \u00d3scar de Alejandro Gonz\u00e1lez I\u00f1\u00e1rritu.<span class=\"gmail-Apple-converted-space\">\u00a0<\/span><em>Carne y Arena<\/em>.<\/span><\/p>\n<p><span style=\"color: #000000;\">Hoy en d\u00eda, Chachi ha tra\u00eddo esa experiencia a la Costa Central, dirigiendo pel\u00edculas para clientes de todo el mundo y centr\u00e1ndose al mismo tiempo en la narraci\u00f3n de historias profundamente personales. Recientemente ha finalizado tres documentales que se proyectar\u00e1n en festivales de cine en 2026, proyectos arraigados en la historia, la comunidad y el entorno local.\u00a0<\/span><\/p>\n<p><span style=\"color: #000000;\">Cuando no est\u00e1 detr\u00e1s de una c\u00e1mara o en una sala de edici\u00f3n, lo m\u00e1s probable es que lo encuentres restaurando su Datsun 280z de 1975, explorando las carreteras secundarias del condado de San Luis Obispo, o haciendo todo lo anterior con su hija Isla Rose sentada a su lado.<\/span><\/p>\n<\/div>\n<p class=\"\"><span style=\"color: #000000;\" data-wp-editing=\"1\">\u00a0<\/span><\/p>\n<p><span style=\"color: #000000;\"><\/span><\/p>\t\t\t\t\t\t\t\t<\/div>\n\t\t\t\t\t<\/div>\n\t\t\t\t<\/div>\n\t\t\t\t<\/div>","protected":false},"excerpt":{"rendered":"<p>The Director: Chachi Ramirez Chachi Ramirez is a filmmaker, director, and producer who somehow traded Hollywood traffic for Central Coast sunsets\u2014and never looked back. After two decades working on award-winning projects in Los Angeles, Chachi now runs\u00a0Suede &amp; Pomade, a production company based on California\u2019s Central Coast, bringing big-city experience and cinematic polish to clients [&hellip;]<\/p>\n","protected":false},"author":1,"featured_media":0,"parent":0,"menu_order":0,"comment_status":"closed","ping_status":"open","template":"","meta":{"ocean_post_layout":"full-width","ocean_both_sidebars_style":"","ocean_both_sidebars_content_width":0,"ocean_both_sidebars_sidebars_width":0,"ocean_sidebar":"","ocean_second_sidebar":"","ocean_disable_margins":"enable","ocean_add_body_class":"","ocean_shortcode_before_top_bar":"","ocean_shortcode_after_top_bar":"","ocean_shortcode_before_header":"","ocean_shortcode_after_header":"","ocean_has_shortcode":"","ocean_shortcode_after_title":"","ocean_shortcode_before_footer_widgets":"","ocean_shortcode_after_footer_widgets":"","ocean_shortcode_before_footer_bottom":"","ocean_shortcode_after_footer_bottom":"","ocean_display_top_bar":"default","ocean_display_header":"default","ocean_header_style":"","ocean_center_header_left_menu":"","ocean_custom_header_template":"","ocean_custom_logo":0,"ocean_custom_retina_logo":0,"ocean_custom_logo_max_width":0,"ocean_custom_logo_tablet_max_width":0,"ocean_custom_logo_mobile_max_width":0,"ocean_custom_logo_max_height":0,"ocean_custom_logo_tablet_max_height":0,"ocean_custom_logo_mobile_max_height":0,"ocean_header_custom_menu":"","ocean_menu_typo_font_family":"","ocean_menu_typo_font_subset":"","ocean_menu_typo_font_size":0,"ocean_menu_typo_font_size_tablet":0,"ocean_menu_typo_font_size_mobile":0,"ocean_menu_typo_font_size_unit":"px","ocean_menu_typo_font_weight":"","ocean_menu_typo_font_weight_tablet":"","ocean_menu_typo_font_weight_mobile":"","ocean_menu_typo_transform":"","ocean_menu_typo_transform_tablet":"","ocean_menu_typo_transform_mobile":"","ocean_menu_typo_line_height":0,"ocean_menu_typo_line_height_tablet":0,"ocean_menu_typo_line_height_mobile":0,"ocean_menu_typo_line_height_unit":"","ocean_menu_typo_spacing":0,"ocean_menu_typo_spacing_tablet":0,"ocean_menu_typo_spacing_mobile":0,"ocean_menu_typo_spacing_unit":"","ocean_menu_link_color":"","ocean_menu_link_color_hover":"","ocean_menu_link_color_active":"","ocean_menu_link_background":"","ocean_menu_link_hover_background":"","ocean_menu_link_active_background":"","ocean_menu_social_links_bg":"","ocean_menu_social_hover_links_bg":"","ocean_menu_social_links_color":"","ocean_menu_social_hover_links_color":"","ocean_disable_title":"on","ocean_disable_heading":"default","ocean_post_title":"","ocean_post_subheading":"","ocean_post_title_style":"","ocean_post_title_background_color":"","ocean_post_title_background":0,"ocean_post_title_bg_image_position":"","ocean_post_title_bg_image_attachment":"","ocean_post_title_bg_image_repeat":"","ocean_post_title_bg_image_size":"","ocean_post_title_height":0,"ocean_post_title_bg_overlay":0.5,"ocean_post_title_bg_overlay_color":"","ocean_disable_breadcrumbs":"default","ocean_breadcrumbs_color":"","ocean_breadcrumbs_separator_color":"","ocean_breadcrumbs_links_color":"","ocean_breadcrumbs_links_hover_color":"","ocean_display_footer_widgets":"default","ocean_display_footer_bottom":"default","ocean_custom_footer_template":"","footnotes":""},"class_list":["post-58","page","type-page","status-publish","hentry","entry"],"_links":{"self":[{"href":"https:\/\/coastalstoriesguadalupe.org\/es\/wp-json\/wp\/v2\/pages\/58","targetHints":{"allow":["GET"]}}],"collection":[{"href":"https:\/\/coastalstoriesguadalupe.org\/es\/wp-json\/wp\/v2\/pages"}],"about":[{"href":"https:\/\/coastalstoriesguadalupe.org\/es\/wp-json\/wp\/v2\/types\/page"}],"author":[{"embeddable":true,"href":"https:\/\/coastalstoriesguadalupe.org\/es\/wp-json\/wp\/v2\/users\/1"}],"replies":[{"embeddable":true,"href":"https:\/\/coastalstoriesguadalupe.org\/es\/wp-json\/wp\/v2\/comments?post=58"}],"version-history":[{"count":10,"href":"https:\/\/coastalstoriesguadalupe.org\/es\/wp-json\/wp\/v2\/pages\/58\/revisions"}],"predecessor-version":[{"id":223,"href":"https:\/\/coastalstoriesguadalupe.org\/es\/wp-json\/wp\/v2\/pages\/58\/revisions\/223"}],"wp:attachment":[{"href":"https:\/\/coastalstoriesguadalupe.org\/es\/wp-json\/wp\/v2\/media?parent=58"}],"curies":[{"name":"wp","href":"https:\/\/api.w.org\/{rel}","templated":true}]}}